{"id":82,"date":"2021-06-08T17:11:19","date_gmt":"2021-06-08T17:11:19","guid":{"rendered":"https:\/\/guasave.gob.mx\/implan\/?page_id=82"},"modified":"2021-12-03T16:03:19","modified_gmt":"2021-12-03T16:03:19","slug":"atlas-de-riesgo","status":"publish","type":"page","link":"https:\/\/guasave.gob.mx\/implan\/atlas-de-riesgo\/","title":{"rendered":"Atlas de Riesgo"},"content":{"rendered":"<h1 style=\"text-align: center;\">ATLAS DE RIESGO<\/h1>\n<hr \/>\n<ol>\n<li><a href=\"https:\/\/guasave.gob.mx\/implan\/wp-content\/files\/MENU\/Estudios\/Atlas-de-Riesgo\/Actualizacion%20Atlas%20Riesgos%20Guasave%202020.pdf\">Atlas Municipio Guasave<\/a><\/li>\n<li><a href=\"https:\/\/guasave.gob.mx\/implan\/wp-content\/files\/MENU\/Estudios\/Atlas-de-Riesgo\/up2021-07-15\/2-Mapa%20Base.pdf\">Mapa Base<\/a><\/li>\n<li><a href=\"https:\/\/guasave.gob.mx\/implan\/wp-content\/files\/MENU\/Estudios\/Atlas-de-Riesgo\/up2021-07-15\/3-Geomorfologia.pdf\">Geomorfolog\u00eda<\/a><\/li>\n<li><a href=\"https:\/\/guasave.gob.mx\/implan\/wp-content\/files\/MENU\/Estudios\/Atlas-de-Riesgo\/up2021-07-15\/4-Edafologico.pdf\">Edafol\u00f3gico<\/a><\/li>\n<li><a href=\"https:\/\/guasave.gob.mx\/implan\/wp-content\/files\/MENU\/Estudios\/Atlas-de-Riesgo\/up2021-07-15\/5-hidrografico.pdf\">Hidrogr\u00e1fico<\/a><\/li>\n<li><a href=\"https:\/\/guasave.gob.mx\/implan\/wp-content\/files\/MENU\/Estudios\/Atlas-de-Riesgo\/up2021-07-15\/6-clima.pdf\">Clima<\/a><\/li>\n<li><a href=\"https:\/\/guasave.gob.mx\/implan\/wp-content\/files\/MENU\/Estudios\/Atlas-de-Riesgo\/up2021-07-15\/7-uso%20de%20suelo%20y%20vegetacion.pdf\">Uso De Suelo Y Vegetaci\u00f3n<\/a><\/li>\n<li><a href=\"https:\/\/guasave.gob.mx\/implan\/wp-content\/files\/MENU\/Estudios\/Atlas-de-Riesgo\/up2021-07-15\/8-cuencas%20y%20subcuencas.pdf\">Cuencas Y Subcuencas<\/a><\/li>\n<li><a href=\"https:\/\/guasave.gob.mx\/implan\/wp-content\/files\/MENU\/Estudios\/Atlas-de-Riesgo\/up2021-07-15\/9-distribucion%20de%20la%20poblacion.pdf\">Distribuci\u00f3n De La Poblaci\u00f3n<\/a><\/li>\n<li><a href=\"https:\/\/guasave.gob.mx\/implan\/wp-content\/files\/MENU\/Estudios\/Atlas-de-Riesgo\/up2021-07-15\/10-marginacion.pdf\">Marginaci\u00f3n<\/a><\/li>\n<li><a href=\"https:\/\/guasave.gob.mx\/implan\/wp-content\/files\/MENU\/Estudios\/Atlas-de-Riesgo\/up2021-07-15\/11-poblacion%20con%20discapacidad.pdf\">Poblaci\u00f3n Con Discapacidad<\/a><\/li>\n<li><a href=\"https:\/\/guasave.gob.mx\/implan\/wp-content\/files\/MENU\/Estudios\/Atlas-de-Riesgo\/up2021-07-15\/12-%20fisiografia.pdf\">Fisiograf\u00eda<\/a><\/li>\n<\/ol>\n<p>&nbsp;<\/p>\n","protected":false},"excerpt":{"rendered":"<p>ATLAS DE RIESGO Atlas Municipio Guasave Mapa Base Geomorfolog\u00eda Edafol\u00f3gico Hidrogr\u00e1fico Clima Uso De Suelo Y Vegetaci\u00f3n Cuencas Y Subcuencas Distribuci\u00f3n De La Poblaci\u00f3n Marginaci\u00f3n Poblaci\u00f3n Con Discapacidad Fisiograf\u00eda &nbsp;<\/p>\n","protected":false},"author":3,"featured_media":0,"parent":0,"menu_order":0,"comment_status":"closed","ping_status":"closed","template":"","meta":[],"_links":{"self":[{"href":"https:\/\/guasave.gob.mx\/implan\/wp-json\/wp\/v2\/pages\/82"}],"collection":[{"href":"https:\/\/guasave.gob.mx\/implan\/wp-json\/wp\/v2\/pages"}],"about":[{"href":"https:\/\/guasave.gob.mx\/implan\/wp-json\/wp\/v2\/types\/page"}],"author":[{"embeddable":true,"href":"https:\/\/guasave.gob.mx\/implan\/wp-json\/wp\/v2\/users\/3"}],"replies":[{"embeddable":true,"href":"https:\/\/guasave.gob.mx\/implan\/wp-json\/wp\/v2\/comments?post=82"}],"version-history":[{"count":10,"href":"https:\/\/guasave.gob.mx\/implan\/wp-json\/wp\/v2\/pages\/82\/revisions"}],"predecessor-version":[{"id":280,"href":"https:\/\/guasave.gob.mx\/implan\/wp-json\/wp\/v2\/pages\/82\/revisions\/280"}],"wp:attachment":[{"href":"https:\/\/guasave.gob.mx\/implan\/wp-json\/wp\/v2\/media?parent=82"}],"curies":[{"name":"wp","href":"https:\/\/api.w.org\/{rel}","templated":true}]}}