{"id":80,"date":"2021-06-08T16:54:48","date_gmt":"2021-06-08T16:54:48","guid":{"rendered":"https:\/\/guasave.gob.mx\/implan\/?page_id=80"},"modified":"2021-06-09T14:24:04","modified_gmt":"2021-06-09T14:24:04","slug":"mapas","status":"publish","type":"page","link":"https:\/\/guasave.gob.mx\/implan\/mapas\/","title":{"rendered":"Mapas"},"content":{"rendered":"<h1 class=\"page-title\">MAPAS<\/h1>\n<hr \/>\n<ul class=\"arrow dotted\">\n<li><a href=\"https:\/\/guasave.gob.mx\/implan\/wp-content\/files\/MENU\/Planes\/PlanDirDesUrb\/mapas\/PD-CAR-01%20-%20AREA%20DE%20ESTUDIO.pdf\">\u00c1rea de Estudio<\/a><\/li>\n<li><a href=\"https:\/\/guasave.gob.mx\/implan\/wp-content\/files\/MENU\/Planes\/PlanDirDesUrb\/mapas\/PD-CAR-02%20-%20ASENTAMIENTOS%20REGIONALES.pdf\">Asentamientos Regionales<\/a><\/li>\n<li><a href=\"https:\/\/guasave.gob.mx\/implan\/wp-content\/files\/MENU\/Planes\/PlanDirDesUrb\/mapas\/PD-CAR-03%20-%20LOCALIZACION%20REGIONAL.pdf\">Localizaci\u00f3n Regional<\/a><\/li>\n<li><a href=\"https:\/\/guasave.gob.mx\/implan\/wp-content\/files\/MENU\/Planes\/PlanDirDesUrb\/mapas\/PD-CAR-04%20-%20CLIMA.pdf\">Clima<\/a><\/li>\n<li><a href=\"https:\/\/guasave.gob.mx\/implan\/wp-content\/files\/MENU\/Planes\/PlanDirDesUrb\/mapas\/PD-CAR-05%20-%20CUENCAS.pdf\">Cuencas<\/a><\/li>\n<li><a href=\"https:\/\/guasave.gob.mx\/implan\/wp-content\/files\/MENU\/Planes\/PlanDirDesUrb\/mapas\/PD-CAR-06%20-%20EJIDOS.pdf\">Ejidos<\/a><\/li>\n<li><a href=\"https:\/\/guasave.gob.mx\/implan\/wp-content\/files\/MENU\/Planes\/PlanDirDesUrb\/mapas\/PD-CAR-07%20-%20FISIOGRAFIA.pdf\">Fisiograf\u00eda<\/a><\/li>\n<li><a href=\"https:\/\/guasave.gob.mx\/implan\/wp-content\/files\/MENU\/Planes\/PlanDirDesUrb\/mapas\/PD-CAR-08%20-%20GEOLOGIA.pdf\">Geolog\u00eda<\/a><\/li>\n<li><a href=\"https:\/\/guasave.gob.mx\/implan\/wp-content\/files\/MENU\/Planes\/PlanDirDesUrb\/mapas\/PD-CAR-09%20-%20HIDROLOGIA%20REGIONAL.pdf\">Hidrolog\u00eda Regional<\/a><\/li>\n<li><a href=\"https:\/\/guasave.gob.mx\/implan\/wp-content\/files\/MENU\/Planes\/PlanDirDesUrb\/mapas\/PD-CAR-10%20-%20TIPO%20DE%20SUELO.pdf\">Tipo de Suelo<\/a><\/li>\n<li><a href=\"https:\/\/guasave.gob.mx\/implan\/wp-content\/files\/MENU\/Planes\/PlanDirDesUrb\/mapas\/PD-CAR-11%20-%20CRECIMIENTO%20HISTORICO.pdf\">Crecimiento Hist\u00f3rico<\/a><\/li>\n<li><a href=\"https:\/\/guasave.gob.mx\/implan\/wp-content\/files\/MENU\/Planes\/PlanDirDesUrb\/mapas\/PD-CAR-12%20-%20COLONIAS%20GUASAVE.pdf\">Colonias de Guasave<\/a><\/li>\n<li><a href=\"https:\/\/guasave.gob.mx\/implan\/wp-content\/files\/MENU\/Planes\/PlanDirDesUrb\/mapas\/PD-CAR-13%20-%20ZONA%20GUASAVE.pdf\">Zona de Guasave<\/a><\/li>\n<li><a href=\"https:\/\/guasave.gob.mx\/implan\/wp-content\/files\/MENU\/Planes\/PlanDirDesUrb\/mapas\/PD-CAR-14%20-%20DENSIDAD%20DE%20POBLACION.pdf\">Densidad de Poblaci\u00f3n<\/a><\/li>\n<li><a href=\"https:\/\/guasave.gob.mx\/implan\/wp-content\/files\/MENU\/Planes\/PlanDirDesUrb\/mapas\/PD-CAR-15%20-%20AGUA%20POTABLE.pdf\">Agua Potable<\/a><\/li>\n<li><a href=\"https:\/\/guasave.gob.mx\/implan\/wp-content\/files\/MENU\/Planes\/PlanDirDesUrb\/mapas\/PD-CAR-16%20-%20DRENAJE%20GUASAVE.pdf\">Drenaje de Guasave<\/a><\/li>\n<li><a href=\"https:\/\/guasave.gob.mx\/implan\/wp-content\/files\/MENU\/Planes\/PlanDirDesUrb\/mapas\/PD-CAR-17%20-%20ELECTRIFICACION.pdf\">Electrificaci\u00f3n<\/a><\/li>\n<li><a href=\"https:\/\/guasave.gob.mx\/implan\/wp-content\/files\/MENU\/Planes\/PlanDirDesUrb\/mapas\/PD-CAR-18%20-%20PAVIMENTACION.pdf\">Pavimentaci\u00f3n<\/a><\/li>\n<li><a href=\"https:\/\/guasave.gob.mx\/implan\/wp-content\/files\/MENU\/Planes\/PlanDirDesUrb\/mapas\/PD-CAR-19%20-%20COLONIAS%20PELIGROSAS.pdf\">Colonias Peligrosas<\/a><\/li>\n<li><a href=\"https:\/\/guasave.gob.mx\/implan\/wp-content\/files\/MENU\/Planes\/PlanDirDesUrb\/mapas\/PD-CAR-20%20-%20EQUIPAMIENTO.pdf\">Equipamiento<\/a><\/li>\n<li><a href=\"https:\/\/guasave.gob.mx\/implan\/wp-content\/files\/MENU\/Planes\/PlanDirDesUrb\/mapas\/PD-CAR-21%20-%20EQUIPAMIENTO%20FALTANTE.pdf\">Equipamiento Faltante<\/a><\/li>\n<li><a href=\"https:\/\/guasave.gob.mx\/implan\/wp-content\/files\/MENU\/Planes\/PlanDirDesUrb\/mapas\/PD-CAR-22%20-%20INUNDACION.pdf\">Inundaci\u00f3n<\/a><\/li>\n<li><a href=\"https:\/\/guasave.gob.mx\/implan\/wp-content\/files\/MENU\/Planes\/PlanDirDesUrb\/mapas\/PD-CAR-23%20-%20INUNDACION%20AREA%20DE%20ESTUDIO.pdf\">Inundaci\u00f3n \u00c1rea de Estudio<\/a><\/li>\n<li><a href=\"https:\/\/guasave.gob.mx\/implan\/wp-content\/files\/MENU\/Planes\/PlanDirDesUrb\/mapas\/PD-CAR-24%20-%20AFECTACION%20POR%20LLUVIAS.pdf\">Afectaci\u00f3n por Lluvias<\/a><\/li>\n<li><a href=\"https:\/\/guasave.gob.mx\/implan\/wp-content\/files\/MENU\/Planes\/PlanDirDesUrb\/mapas\/PD-CAR-25%20-%20RUTAS%20DE%20TRANSPORTE.pdf\">Rutas de Transporte<\/a><\/li>\n<li><a href=\"https:\/\/guasave.gob.mx\/implan\/wp-content\/files\/MENU\/Planes\/PlanDirDesUrb\/mapas\/PD-CAR-26%20-%20ESTRATEGIA%20VIAL%20I.pdf\">Estrategia Vial I<\/a><\/li>\n<li><a href=\"https:\/\/guasave.gob.mx\/implan\/wp-content\/files\/MENU\/Planes\/PlanDirDesUrb\/mapas\/PD-CAR-27%20-%20ESTRATEGIA%20VIAL%20II.pdf\">Estrategia Vial II<\/a><\/li>\n<li><a href=\"https:\/\/guasave.gob.mx\/implan\/wp-content\/files\/MENU\/Planes\/PlanDirDesUrb\/mapas\/PD-CAR-28%20-%20ZONIFICACION%20SECUNDARIA%20G7%20-FE-.pdf\">Zonificaci\u00f3n Secundaria G7 -FE-<\/a><\/li>\n<li><a href=\"https:\/\/guasave.gob.mx\/implan\/wp-content\/files\/MENU\/Planes\/PlanDirDesUrb\/mapas\/PD-CAR-29%20-%20ZONIFICACION%20PRIMARIA.pdf\">Zonificaci\u00f3n Primaria<\/a><\/li>\n<li><a href=\"https:\/\/guasave.gob.mx\/implan\/wp-content\/files\/MENU\/Planes\/PlanDirDesUrb\/mapas\/PD-CAR-30%20-%20USO%20SUELO%20ZONA%20I.pdf\">Uso Suelo Zona I<\/a><\/li>\n<li><a href=\"https:\/\/guasave.gob.mx\/implan\/wp-content\/files\/MENU\/Planes\/PlanDirDesUrb\/mapas\/PD-CAR-31%20-%20USO%20SUELO%20ZONA%20II.pdf\">Uso Suelo Zona II<\/a><\/li>\n<li><a href=\"https:\/\/guasave.gob.mx\/implan\/wp-content\/files\/MENU\/Planes\/PlanDirDesUrb\/mapas\/PD-CAR-32%20-%20USO%20SUELO%20ZONA%20III.pdf\">Uso Suelo Zona III<\/a><\/li>\n<li><a href=\"https:\/\/guasave.gob.mx\/implan\/wp-content\/files\/MENU\/Planes\/PlanDirDesUrb\/mapas\/PD-CAR-33%20-%20USO%20SUELO%20ZONA%20IV%20-%20FE-.pdf\">Uso Suelo Zona IV -FE-<\/a><\/li>\n<li><a href=\"https:\/\/guasave.gob.mx\/implan\/wp-content\/files\/MENU\/Planes\/PlanDirDesUrb\/mapas\/PD-CAR-34%20-%20USO%20SUELO%20ZONA%20V.pdf\">Uso Suelo Zona V<\/a><\/li>\n<li><a href=\"https:\/\/guasave.gob.mx\/implan\/wp-content\/files\/MENU\/Planes\/PlanDirDesUrb\/mapas\/PD-CAR-35%20-%20USO%20SUELO%20ZONA%20VI.pdf\">Uso Suelo Zona VI<\/a><\/li>\n<li><a href=\"https:\/\/guasave.gob.mx\/implan\/wp-content\/files\/MENU\/Planes\/PlanDirDesUrb\/mapas\/PD-CAR-36%20-%20USO%20SUELO%20ZONA%20VII.pdf\">Uso Suelo Zona VII<\/a><\/li>\n<li><a href=\"https:\/\/guasave.gob.mx\/implan\/wp-content\/files\/MENU\/Planes\/PlanDirDesUrb\/mapas\/PD-CAR-37%20-%20USO%20SUELO%20ZONA%20VIII.pdf\">Uso Suelo Zona VIII<\/a><\/li>\n<li><a href=\"https:\/\/guasave.gob.mx\/implan\/wp-content\/files\/MENU\/Planes\/PlanDirDesUrb\/mapas\/PD-CAR-38%20-%20USO%20SUELO%20ZONA%20IX.pdf\">Uso Suelo Zona IX<\/a><\/li>\n<li><a href=\"https:\/\/guasave.gob.mx\/implan\/wp-content\/files\/MENU\/Planes\/PlanDirDesUrb\/mapas\/PD-CAR-39%20-%20USO%20SUELO%20ZONA%20X.pdf\">Uso Suelo Zona X<\/a><\/li>\n<li><a href=\"https:\/\/guasave.gob.mx\/implan\/wp-content\/files\/MENU\/Planes\/PlanDirDesUrb\/mapas\/PD-CAR-40%20-%20USO%20SUELO%20ZONA%20XI.pdf\">Uso Suelo Zona XI<\/a><\/li>\n<li><a href=\"https:\/\/guasave.gob.mx\/implan\/wp-content\/files\/MENU\/Planes\/PlanDirDesUrb\/mapas\/PD-CAR-41%20-%20POLITICAS%20URBANAS.pdf\">Pol\u00edticas Urbanas<\/a><\/li>\n<li><a href=\"https:\/\/guasave.gob.mx\/implan\/wp-content\/files\/MENU\/Planes\/PlanDirDesUrb\/mapas\/PD-CAR-42%20-%20CONFIGURACION%20TERRITORIAL.pdf\">Configuraci\u00f3n Territorial<\/a><\/li>\n<li><a href=\"https:\/\/guasave.gob.mx\/implan\/wp-content\/files\/MENU\/Planes\/PlanDirDesUrb\/mapas\/PD-CAR-43%20-%20RESERVAS%20TERRITORIALES.pdf\">Reservas Territoriales<\/a><\/li>\n<li><a href=\"https:\/\/guasave.gob.mx\/implan\/wp-content\/files\/MENU\/Planes\/PlanDirDesUrb\/mapas\/PD-CAR-44%20-%20ALINEAMIENTOS.pdf\">Alineamientos<\/a><\/li>\n<li><a href=\"https:\/\/guasave.gob.mx\/implan\/wp-content\/files\/MENU\/Planes\/PlanDirDesUrb\/mapas\/TABLA%20DE%20CARTOGRAFIA.pdf\">Tabla de Cartograf\u00eda<\/a><\/li>\n<\/ul>\n","protected":false},"excerpt":{"rendered":"<p>MAPAS \u00c1rea de Estudio Asentamientos Regionales Localizaci\u00f3n Regional Clima Cuencas Ejidos Fisiograf\u00eda Geolog\u00eda Hidrolog\u00eda Regional Tipo de Suelo Crecimiento Hist\u00f3rico Colonias de Guasave Zona de Guasave Densidad de Poblaci\u00f3n Agua Potable Drenaje de Guasave Electrificaci\u00f3n Pavimentaci\u00f3n Colonias Peligrosas Equipamiento Equipamiento Faltante Inundaci\u00f3n Inundaci\u00f3n \u00c1rea de Estudio Afectaci\u00f3n por Lluvias Rutas de Transporte Estrategia Vial I &#8230; <a title=\"Mapas\" class=\"read-more\" href=\"https:\/\/guasave.gob.mx\/implan\/mapas\/\">Read more<\/a><\/p>\n","protected":false},"author":3,"featured_media":0,"parent":0,"menu_order":0,"comment_status":"closed","ping_status":"closed","template":"","meta":[],"_links":{"self":[{"href":"https:\/\/guasave.gob.mx\/implan\/wp-json\/wp\/v2\/pages\/80"}],"collection":[{"href":"https:\/\/guasave.gob.mx\/implan\/wp-json\/wp\/v2\/pages"}],"about":[{"href":"https:\/\/guasave.gob.mx\/implan\/wp-json\/wp\/v2\/types\/page"}],"author":[{"embeddable":true,"href":"https:\/\/guasave.gob.mx\/implan\/wp-json\/wp\/v2\/users\/3"}],"replies":[{"embeddable":true,"href":"https:\/\/guasave.gob.mx\/implan\/wp-json\/wp\/v2\/comments?post=80"}],"version-history":[{"count":4,"href":"https:\/\/guasave.gob.mx\/implan\/wp-json\/wp\/v2\/pages\/80\/revisions"}],"predecessor-version":[{"id":94,"href":"https:\/\/guasave.gob.mx\/implan\/wp-json\/wp\/v2\/pages\/80\/revisions\/94"}],"wp:attachment":[{"href":"https:\/\/guasave.gob.mx\/implan\/wp-json\/wp\/v2\/media?parent=80"}],"curies":[{"name":"wp","href":"https:\/\/api.w.org\/{rel}","templated":true}]}}