{"id":78,"date":"2021-06-08T16:51:45","date_gmt":"2021-06-08T16:51:45","guid":{"rendered":"https:\/\/guasave.gob.mx\/implan\/?page_id=78"},"modified":"2021-06-09T15:33:08","modified_gmt":"2021-06-09T15:33:08","slug":"plan-parcial-de-desarrollo-urbano-en-zona-de-equipamiento-regional-300","status":"publish","type":"page","link":"https:\/\/guasave.gob.mx\/implan\/plan-parcial-de-desarrollo-urbano-en-zona-de-equipamiento-regional-300\/","title":{"rendered":"Plan Parcial de Desarrollo Urbano en Zona de Equipamiento Regional 300"},"content":{"rendered":"<h1 class=\"page-title\">Plan Parcial de Desarrollo Urbano en Zona de Equipamiento Regional 300<\/h1>\n<hr \/>\n<ul class=\"arrow dotted\">\n<li><a href=\"https:\/\/guasave.gob.mx\/implan\/wp-content\/files\/MENU\/Planes\/PlanEquiReg300\/Documento%2014-11-12.pdf\">Documento Publicado del Plan<\/a><\/li>\n<li><a href=\"https:\/\/guasave.gob.mx\/implan\/wp-content\/files\/MENU\/Planes\/PlanEquiReg300\/Documento%20version%20abreviada.pdf\">Documento Publicado del Plan (Abreviado)<\/a><\/li>\n<li><a href=\"https:\/\/guasave.gob.mx\/implan\/wp-content\/files\/MENU\/Planes\/PlanEquiReg300\/1-D-P.png\">\u00c1mbito Regional<\/a><\/li>\n<li><a href=\"https:\/\/guasave.gob.mx\/implan\/wp-content\/files\/MENU\/Planes\/PlanEquiReg300\/2-D-P.png\">\u00c1mbito Local<\/a><\/li>\n<li>Medio F\u00edsico Natural\n<ul class=\"arrow-2 dotted\">\n<li><a href=\"https:\/\/guasave.gob.mx\/implan\/wp-content\/files\/MENU\/Planes\/PlanEquiReg300\/3-D-P-A.png\">Clima<\/a><\/li>\n<li><a href=\"https:\/\/guasave.gob.mx\/implan\/wp-content\/files\/MENU\/Planes\/PlanEquiReg300\/3-D-P-B.png\">Cuenca<\/a><\/li>\n<li><a href=\"https:\/\/guasave.gob.mx\/implan\/wp-content\/files\/MENU\/Planes\/PlanEquiReg300\/3-D-P-C.png\">Geolog\u00eda<\/a><\/li>\n<\/ul>\n<\/li>\n<li><a href=\"https:\/\/guasave.gob.mx\/implan\/wp-content\/files\/MENU\/Planes\/PlanEquiReg300\/4-D-P-A.png\">Uso Actual, Tenencia y Valor de Suelo (Diagn\u00f3stico Territorial)<\/a><\/li>\n<li><a href=\"https:\/\/guasave.gob.mx\/implan\/wp-content\/files\/MENU\/Planes\/PlanEquiReg300\/5-D-P.png\">Infraestructura<\/a><\/li>\n<li>Vivienda\n<ul class=\"arrow-2 dotted\">\n<li><a href=\"https:\/\/guasave.gob.mx\/implan\/wp-content\/files\/MENU\/Planes\/PlanEquiReg300\/6-D-P-A.png\">Disperci\u00f3n Poblacional<\/a><\/li>\n<li><a href=\"https:\/\/guasave.gob.mx\/implan\/wp-content\/files\/MENU\/Planes\/PlanEquiReg300\/6-D-P-B.png\">Sistemas de Poblados Orbitantes<\/a><\/li>\n<\/ul>\n<\/li>\n<li><a href=\"https:\/\/guasave.gob.mx\/implan\/wp-content\/files\/MENU\/Planes\/PlanEquiReg300\/7-D-P.png\">Vialidad y Transporte<\/a><\/li>\n<li><a href=\"https:\/\/guasave.gob.mx\/implan\/wp-content\/files\/MENU\/Planes\/PlanEquiReg300\/8-D-P.png\">Equipamiento<\/a><\/li>\n<li><a href=\"https:\/\/guasave.gob.mx\/implan\/wp-content\/files\/MENU\/Planes\/PlanEquiReg300\/9-D-P.png\">Medio Ambiente e Im\u00e1gen Urbana<\/a><\/li>\n<li><a href=\"https:\/\/guasave.gob.mx\/implan\/wp-content\/files\/MENU\/Planes\/PlanEquiReg300\/10-D-P.png\">Riesgos y Vulnerabilidad<\/a><\/li>\n<li><a href=\"https:\/\/guasave.gob.mx\/implan\/wp-content\/files\/MENU\/Planes\/PlanEquiReg300\/11-E-P.png\">L\u00edmite del PPDU<\/a><\/li>\n<li><a href=\"https:\/\/guasave.gob.mx\/implan\/wp-content\/files\/MENU\/Planes\/PlanEquiReg300\/12-E-P.png\">Estrategia Territorial<\/a><\/li>\n<li><a href=\"https:\/\/guasave.gob.mx\/implan\/wp-content\/files\/MENU\/Planes\/PlanEquiReg300\/13-E-P.png\">Estructura Vial<\/a><\/li>\n<li><a href=\"https:\/\/guasave.gob.mx\/implan\/wp-content\/files\/MENU\/Planes\/PlanEquiReg300\/14-E-P.png\">Zonificaci\u00f3n Secundaria, Usos y Destinos del Suelo<\/a><\/li>\n<li><a href=\"https:\/\/guasave.gob.mx\/implan\/wp-content\/files\/MENU\/Planes\/PlanEquiReg300\/15-E-P.png\">Ubicaci\u00f3n de Acciones Prioritarias<\/a><\/li>\n<\/ul>\n","protected":false},"excerpt":{"rendered":"<p>Plan Parcial de Desarrollo Urbano en Zona de Equipamiento Regional 300 Documento Publicado del Plan Documento Publicado del Plan (Abreviado) \u00c1mbito Regional \u00c1mbito Local Medio F\u00edsico Natural Clima Cuenca Geolog\u00eda Uso Actual, Tenencia y Valor de Suelo (Diagn\u00f3stico Territorial) Infraestructura Vivienda Disperci\u00f3n Poblacional Sistemas de Poblados Orbitantes Vialidad y Transporte Equipamiento Medio Ambiente e Im\u00e1gen &#8230; <a title=\"Plan Parcial de Desarrollo Urbano en Zona de Equipamiento Regional 300\" class=\"read-more\" href=\"https:\/\/guasave.gob.mx\/implan\/plan-parcial-de-desarrollo-urbano-en-zona-de-equipamiento-regional-300\/\">Read more<\/a><\/p>\n","protected":false},"author":3,"featured_media":0,"parent":0,"menu_order":0,"comment_status":"closed","ping_status":"closed","template":"","meta":[],"_links":{"self":[{"href":"https:\/\/guasave.gob.mx\/implan\/wp-json\/wp\/v2\/pages\/78"}],"collection":[{"href":"https:\/\/guasave.gob.mx\/implan\/wp-json\/wp\/v2\/pages"}],"about":[{"href":"https:\/\/guasave.gob.mx\/implan\/wp-json\/wp\/v2\/types\/page"}],"author":[{"embeddable":true,"href":"https:\/\/guasave.gob.mx\/implan\/wp-json\/wp\/v2\/users\/3"}],"replies":[{"embeddable":true,"href":"https:\/\/guasave.gob.mx\/implan\/wp-json\/wp\/v2\/comments?post=78"}],"version-history":[{"count":3,"href":"https:\/\/guasave.gob.mx\/implan\/wp-json\/wp\/v2\/pages\/78\/revisions"}],"predecessor-version":[{"id":100,"href":"https:\/\/guasave.gob.mx\/implan\/wp-json\/wp\/v2\/pages\/78\/revisions\/100"}],"wp:attachment":[{"href":"https:\/\/guasave.gob.mx\/implan\/wp-json\/wp\/v2\/media?parent=78"}],"curies":[{"name":"wp","href":"https:\/\/api.w.org\/{rel}","templated":true}]}}