{"id":76,"date":"2021-06-08T16:50:03","date_gmt":"2021-06-08T16:50:03","guid":{"rendered":"https:\/\/guasave.gob.mx\/implan\/?page_id=76"},"modified":"2021-06-09T14:58:47","modified_gmt":"2021-06-09T14:58:47","slug":"programa-municipal-de-ordenamiento-territorial-turistico-de-la-costa-de-guasave","status":"publish","type":"page","link":"https:\/\/guasave.gob.mx\/implan\/programa-municipal-de-ordenamiento-territorial-turistico-de-la-costa-de-guasave\/","title":{"rendered":"Programa Municipal de Ordenamiento Territorial Tur\u00edstico de la costa de Guasave"},"content":{"rendered":"<h1 class=\"page-title\">Programa Municipal de Ordenamiento Territorial Tur\u00edstico de la costa de Guasave<\/h1>\n<hr \/>\n<ul class=\"arrow dotted\">\n<li><a href=\"https:\/\/guasave.gob.mx\/implan\/wp-content\/files\/MENU\/Planes\/ProgMunOrde\/P.M.D.O.T.T.C.G.%28Publicacion%2025-10-10%29.pdf\">Documento Publicado<\/a><\/li>\n<li><a href=\"https:\/\/guasave.gob.mx\/implan\/wp-content\/files\/MENU\/Planes\/ProgMunOrde\/Tabla%20Compatibilidad%20%28publicacion%2025-10-10%29.pdf\">Tabla de Compatibilidad<\/a><\/li>\n<li><a href=\"https:\/\/guasave.gob.mx\/implan\/wp-content\/files\/MENU\/Planes\/ProgMunOrde\/D%201%20A.pdf\">Medio Natural<\/a><\/li>\n<li><a href=\"https:\/\/guasave.gob.mx\/implan\/wp-content\/files\/MENU\/Planes\/ProgMunOrde\/E%201.pdf\">Estrategia General de Desarrollo Tur\u00edstico<\/a><\/li>\n<li><a href=\"https:\/\/guasave.gob.mx\/implan\/wp-content\/files\/MENU\/Planes\/ProgMunOrde\/E%202.pdf\">Rutas y Circuitos Tur\u00edsticos<\/a><\/li>\n<li><a href=\"https:\/\/guasave.gob.mx\/implan\/wp-content\/files\/MENU\/Planes\/ProgMunOrde\/E%203%20A.pdf\">Estrategia de Vialidad y transporte<\/a><\/li>\n<li><a href=\"https:\/\/guasave.gob.mx\/implan\/wp-content\/files\/MENU\/Planes\/ProgMunOrde\/E%204%20A.pdf\">Medio Ambiente<\/a><\/li>\n<li><a href=\"https:\/\/guasave.gob.mx\/implan\/wp-content\/files\/MENU\/Planes\/ProgMunOrde\/E%204%20B.pdf\">Estrategia de Apoyo a la Actividad Tur\u00edstica<\/a><\/li>\n<li><a href=\"https:\/\/guasave.gob.mx\/implan\/wp-content\/files\/MENU\/Planes\/ProgMunOrde\/E%205%20A.pdf\">Lineamientos Normativos &#8211; Zonificaci\u00f3n Primaria<\/a><\/li>\n<li><a href=\"https:\/\/guasave.gob.mx\/implan\/wp-content\/files\/MENU\/Planes\/ProgMunOrde\/E%205%20B.pdf\">Lineamientos Normativos &#8211; Zonificaci\u00f3n Secundaria Las Glorias Bella-Vista<\/a><\/li>\n<li><a href=\"https:\/\/guasave.gob.mx\/implan\/wp-content\/files\/MENU\/Planes\/ProgMunOrde\/E%205%20C.pdf\">Lineamientos Normativos &#8211; Zonificaci\u00f3n Secundaria Perihuete<\/a><\/li>\n<\/ul>\n","protected":false},"excerpt":{"rendered":"<p>Programa Municipal de Ordenamiento Territorial Tur\u00edstico de la costa de Guasave Documento Publicado Tabla de Compatibilidad Medio Natural Estrategia General de Desarrollo Tur\u00edstico Rutas y Circuitos Tur\u00edsticos Estrategia de Vialidad y transporte Medio Ambiente Estrategia de Apoyo a la Actividad Tur\u00edstica Lineamientos Normativos &#8211; Zonificaci\u00f3n Primaria Lineamientos Normativos &#8211; Zonificaci\u00f3n Secundaria Las Glorias Bella-Vista Lineamientos &#8230; <a title=\"Programa Municipal de Ordenamiento Territorial Tur\u00edstico de la costa de Guasave\" class=\"read-more\" href=\"https:\/\/guasave.gob.mx\/implan\/programa-municipal-de-ordenamiento-territorial-turistico-de-la-costa-de-guasave\/\">Read more<\/a><\/p>\n","protected":false},"author":3,"featured_media":0,"parent":0,"menu_order":0,"comment_status":"closed","ping_status":"closed","template":"","meta":[],"_links":{"self":[{"href":"https:\/\/guasave.gob.mx\/implan\/wp-json\/wp\/v2\/pages\/76"}],"collection":[{"href":"https:\/\/guasave.gob.mx\/implan\/wp-json\/wp\/v2\/pages"}],"about":[{"href":"https:\/\/guasave.gob.mx\/implan\/wp-json\/wp\/v2\/types\/page"}],"author":[{"embeddable":true,"href":"https:\/\/guasave.gob.mx\/implan\/wp-json\/wp\/v2\/users\/3"}],"replies":[{"embeddable":true,"href":"https:\/\/guasave.gob.mx\/implan\/wp-json\/wp\/v2\/comments?post=76"}],"version-history":[{"count":3,"href":"https:\/\/guasave.gob.mx\/implan\/wp-json\/wp\/v2\/pages\/76\/revisions"}],"predecessor-version":[{"id":98,"href":"https:\/\/guasave.gob.mx\/implan\/wp-json\/wp\/v2\/pages\/76\/revisions\/98"}],"wp:attachment":[{"href":"https:\/\/guasave.gob.mx\/implan\/wp-json\/wp\/v2\/media?parent=76"}],"curies":[{"name":"wp","href":"https:\/\/api.w.org\/{rel}","templated":true}]}}