{"id":591,"date":"2024-08-19T17:46:38","date_gmt":"2024-08-19T17:46:38","guid":{"rendered":"https:\/\/guasave.gob.mx\/implan\/?page_id=591"},"modified":"2024-08-19T17:49:11","modified_gmt":"2024-08-19T17:49:11","slug":"noticias-de-la-pagina","status":"publish","type":"page","link":"https:\/\/guasave.gob.mx\/implan\/noticias-de-la-pagina\/","title":{"rendered":"Noticias de la Pagina"},"content":{"rendered":"<div class=\"sya_container\" id=\"sya_container\"><a id=\"year2026\"><\/a>2026<\/p>\n<ul>\n<li class=\"\">\n<div class=\"sya_postcontent\"><span class=\"sya_date\"> <span class=\"sya_sep\"> <\/span><\/span><a href=\"https:\/\/guasave.gob.mx\/implan\/segunda-audiencia-de-consulta-publica-para-la-actualizacion-del-programa-de-desarrollo-urbano-del-centro-de-poblacion-de-guasave-pducp\/\" class=\"sya_postlink post-788\" rel=\"bookmark\">Segunda audiencia de consulta p\u00fablica para la actualizaci\u00f3n del Programa de Desarrollo Urbano del Centro de Poblaci\u00f3n de Guasave (PDUCP)<\/a><\/div>\n<\/li>\n<li class=\"\">\n<div class=\"sya_postcontent\"><span class=\"sya_date\"> <span class=\"sya_sep\"> <\/span><\/span><a href=\"https:\/\/guasave.gob.mx\/implan\/invitacion-de-la-comision-consultiva-regional-a-su-sesion-extraordinaria-numero-005\/\" class=\"sya_postlink post-785\" rel=\"bookmark\">Invitaci\u00f3n de la Comisi\u00f3n Consultiva Regional a su Sesi\u00f3n Extraordinaria n\u00famero 005<\/a><\/div>\n<\/li>\n<li class=\"\">\n<div class=\"sya_postcontent\"><span class=\"sya_date\"> <span class=\"sya_sep\"> <\/span><\/span><a href=\"https:\/\/guasave.gob.mx\/implan\/primera-sesion-ordinaria-de-la-junta-directiva-del-presente-ano-2026\/\" class=\"sya_postlink post-782\" rel=\"bookmark\">Primera sesi\u00f3n ordinaria de la Junta Directiva del presente a\u00f1o 2026<\/a><\/div>\n<\/li>\n<li class=\"\">\n<div class=\"sya_postcontent\"><span class=\"sya_date\"> <span class=\"sya_sep\"> <\/span><\/span><a href=\"https:\/\/guasave.gob.mx\/implan\/actualizacion-del-programa-de-desarrollo-urbano-del-centro-de-poblacion-pducp\/\" class=\"sya_postlink post-779\" rel=\"bookmark\">Actualizaci\u00f3n del Programa de Desarrollo Urbano del Centro de Poblaci\u00f3n (PDUCP)<\/a><\/div>\n<\/li>\n<li class=\"\">\n<div class=\"sya_postcontent\"><span class=\"sya_date\"> <span class=\"sya_sep\"> <\/span><\/span><a href=\"https:\/\/guasave.gob.mx\/implan\/el-dia-mundial-por-la-reduccion-de-las-emisiones-de-co2\/\" class=\"sya_postlink post-776\" rel=\"bookmark\">El D\u00eda Mundial por la Reducci\u00f3n de las Emisiones de CO2<\/a><\/div>\n<\/li>\n<li class=\"\">\n<div class=\"sya_postcontent\"><span class=\"sya_date\"> <span class=\"sya_sep\"> <\/span><\/span><a href=\"https:\/\/guasave.gob.mx\/implan\/invitacion-de-la-arq-simei-jezabel-cebreros-raygoza-directora-de-implan-culiacan\/\" class=\"sya_postlink post-773\" rel=\"bookmark\">Invitaci\u00f3n de la Arq. Simei Jezabel Cebreros Raygoza, directora de IMPLAN Culiac\u00e1n<\/a><\/div>\n<\/li>\n<\/ul>\n<p><a id=\"year2025\"><\/a>2025<\/p>\n<ul>\n<li class=\"\">\n<div class=\"sya_postcontent\"><span class=\"sya_date\"> <span class=\"sya_sep\"> <\/span><\/span><a href=\"https:\/\/guasave.gob.mx\/implan\/evaluacion-del-nivel-de-percepcion-local-de-riesgo-de-la-poblacion-guasave-sin\/\" class=\"sya_postlink post-767\" rel=\"bookmark\">Evaluaci\u00f3n del nivel de percepci\u00f3n local de riesgo de la poblaci\u00f3n Guasave, Sin.<\/a><\/div>\n<\/li>\n<li class=\"\">\n<div class=\"sya_postcontent\"><span class=\"sya_date\"> <span class=\"sya_sep\"> <\/span><\/span><a href=\"https:\/\/guasave.gob.mx\/implan\/avances-en-la-actualizacion-del-atlas-de-riesgos-de-guasave-sinaloa\/\" class=\"sya_postlink post-764\" rel=\"bookmark\">Avances en la actualizaci\u00f3n del Atlas de Riesgos de Guasave, Sinaloa.<\/a><\/div>\n<\/li>\n<li class=\"\">\n<div class=\"sya_postcontent\"><span class=\"sya_date\"> <span class=\"sya_sep\"> <\/span><\/span><a href=\"https:\/\/guasave.gob.mx\/implan\/primera-sesion-ordinaria-2025-del-consejo-municipal-de-ordenamiento-territorial-desarrollo-urbano-y-vivienda-de-guasave-sin\/\" class=\"sya_postlink post-761\" rel=\"bookmark\">Primera sesi\u00f3n ordinaria 2025 del Consejo Municipal de Ordenamiento Territorial, Desarrollo Urbano y Vivienda de Guasave Sin.<\/a><\/div>\n<\/li>\n<li class=\"\">\n<div class=\"sya_postcontent\"><span class=\"sya_date\"> <span class=\"sya_sep\"> <\/span><\/span><a href=\"https:\/\/guasave.gob.mx\/implan\/reunion-en-las-oficinas-de-implan-los-cabos\/\" class=\"sya_postlink post-758\" rel=\"bookmark\">Reuni\u00f3n en las oficinas de IMPLAN Los Cabos.<\/a><\/div>\n<\/li>\n<li class=\"\">\n<div class=\"sya_postcontent\"><span class=\"sya_date\"> <span class=\"sya_sep\"> <\/span><\/span><a href=\"https:\/\/guasave.gob.mx\/implan\/maraton-de-medicamentos\/\" class=\"sya_postlink post-755\" rel=\"bookmark\">Marat\u00f3n de medicamentos.<\/a><\/div>\n<\/li>\n<li class=\"\">\n<div class=\"sya_postcontent\"><span class=\"sya_date\"> <span class=\"sya_sep\"> <\/span><\/span><a href=\"https:\/\/guasave.gob.mx\/implan\/entrega-de-documentos-para-la-acreditacion-del-atlas-de-riesgo-municipal\/\" class=\"sya_postlink post-752\" rel=\"bookmark\">Entrega de documentos para la acreditaci\u00f3n del Atlas de Riesgo Municipal.<\/a><\/div>\n<\/li>\n<li class=\"\">\n<div class=\"sya_postcontent\"><span class=\"sya_date\"> <span class=\"sya_sep\"> <\/span><\/span><a href=\"https:\/\/guasave.gob.mx\/implan\/colabora-la-uan-a-traves-del-cenitt-con-el-municipio-de-guasave-sinaloa\/\" class=\"sya_postlink post-733\" rel=\"bookmark\">COLABORA LA UAN A TRAV\u00c9S DEL CENITT CON EL MUNICIPIO DE GUASAVE, SINALOA.<\/a><\/div>\n<\/li>\n<li class=\"\">\n<div class=\"sya_postcontent\"><span class=\"sya_date\"> <span class=\"sya_sep\"> <\/span><\/span><a href=\"https:\/\/guasave.gob.mx\/implan\/reunion-con-implan-tepic\/\" class=\"sya_postlink post-730\" rel=\"bookmark\">REUNI\u00d3N CON IMPLAN TEPIC<\/a><\/div>\n<\/li>\n<li class=\"\">\n<div class=\"sya_postcontent\"><span class=\"sya_date\"> <span class=\"sya_sep\"> <\/span><\/span><a href=\"https:\/\/guasave.gob.mx\/implan\/visita-a-implan-bahia-de-banderas\/\" class=\"sya_postlink post-727\" rel=\"bookmark\">VISITA A IMPLAN BAH\u00cdA DE BANDERAS.<\/a><\/div>\n<\/li>\n<li class=\"\">\n<div class=\"sya_postcontent\"><span class=\"sya_date\"> <span class=\"sya_sep\"> <\/span><\/span><a href=\"https:\/\/guasave.gob.mx\/implan\/dia-mundial-del-peaton\/\" class=\"sya_postlink post-724\" rel=\"bookmark\">D\u00cdA MUNDIAL DEL PEAT\u00d3N.<\/a><\/div>\n<\/li>\n<li class=\"\">\n<div class=\"sya_postcontent\"><span class=\"sya_date\"> <span class=\"sya_sep\"> <\/span><\/span><a href=\"https:\/\/guasave.gob.mx\/implan\/festival-del-dia-de-la-mujer-en-mazatlan-sinaloa\/\" class=\"sya_postlink post-702\" rel=\"bookmark\">Festival del D\u00eda de la Mujer en Mazatl\u00e1n Sinaloa<\/a><\/div>\n<\/li>\n<li class=\"\">\n<div class=\"sya_postcontent\"><span class=\"sya_date\"> <span class=\"sya_sep\"> <\/span><\/span><a href=\"https:\/\/guasave.gob.mx\/implan\/participacion-en-el-curso-de-director-responsable-de-obra-2025\/\" class=\"sya_postlink post-699\" rel=\"bookmark\">Participaci\u00f3n en el curso de Director Responsable de Obra 2025<\/a><\/div>\n<\/li>\n<li class=\"\">\n<div class=\"sya_postcontent\"><span class=\"sya_date\"> <span class=\"sya_sep\"> <\/span><\/span><a href=\"https:\/\/guasave.gob.mx\/implan\/foro-abierto-para-la-realizacion-del-plan-municipal-de-desarrollo-2024-2027\/\" class=\"sya_postlink post-618\" rel=\"bookmark\">Foro abierto para la realizaci\u00f3n del Plan Municipal de Desarrollo 2024-2027.<\/a><\/div>\n<\/li>\n<li class=\"\">\n<div class=\"sya_postcontent\"><span class=\"sya_date\"> <span class=\"sya_sep\"> <\/span><\/span><a href=\"https:\/\/guasave.gob.mx\/implan\/planeacion-para-el-desarrollo-recreativo-zona-costera-del-municipio-de-guasave\/\" class=\"sya_postlink post-615\" rel=\"bookmark\">Planeaci\u00f3n para el desarrollo recreativo zona costera del municipio de Guasave.<\/a><\/div>\n<\/li>\n<li class=\"\">\n<div class=\"sya_postcontent\"><span class=\"sya_date\"> <span class=\"sya_sep\"> <\/span><\/span><a href=\"https:\/\/guasave.gob.mx\/implan\/expo-parques-2024-en-la-ciudad-de-culiacan\/\" class=\"sya_postlink post-612\" rel=\"bookmark\">Expo Parques 2024 en la ciudad de Culiac\u00e1n.<\/a><\/div>\n<\/li>\n<\/ul>\n<p><a id=\"year2024\"><\/a>2024<\/p>\n<ul>\n<li class=\"\">\n<div class=\"sya_postcontent\"><span class=\"sya_date\"> <span class=\"sya_sep\"> <\/span><\/span><a href=\"https:\/\/guasave.gob.mx\/implan\/participacion-de-implan-en-la-jornada-academica-de-ingenieria-civil-mc-emiliano-elenes-contreras-de-la-universidad-autonoma-de-occidente\/\" class=\"sya_postlink post-607\" rel=\"bookmark\">Participaci\u00f3n de Implan en la Jornada Acad\u00e9mica de Ingenier\u00eda Civil \u201cMc. Emiliano Elenes Contreras\u201d de la Universidad Aut\u00f3noma de Occidente.<\/a><\/div>\n<\/li>\n<li class=\"\">\n<div class=\"sya_postcontent\"><span class=\"sya_date\"> <span class=\"sya_sep\"> <\/span><\/span><a href=\"https:\/\/guasave.gob.mx\/implan\/reunion-con-la-presidenta-municipal-la-dra-cecilia-ramirez-montoya-sobre-asuntos-consernientes-a-la-evaluacion-del-reordenamiento-vial-y-comercio-ambulante-en-el-primer-cuadro\/\" class=\"sya_postlink post-603\" rel=\"bookmark\">Reuni\u00f3n con la presidenta municipal la Dra. Cecilia Ram\u00edrez Montoya sobre asuntos consernientes a la evaluaci\u00f3n del reordenamiento vial y comercio ambulante en el primer cuadro.<\/a><\/div>\n<\/li>\n<li class=\"\">\n<div class=\"sya_postcontent\"><span class=\"sya_date\"> <span class=\"sya_sep\"> <\/span><\/span><a href=\"https:\/\/guasave.gob.mx\/implan\/titulo-novena-feria-empresarial-universidad-autonoma-de-occidente\/\" class=\"sya_postlink post-600\" rel=\"bookmark\">Novena Feria Empresarial Universidad Aut\u00f3noma de Occidente.<\/a><\/div>\n<\/li>\n<li class=\"\">\n<div class=\"sya_postcontent\"><span class=\"sya_date\"> <span class=\"sya_sep\"> <\/span><\/span><a href=\"https:\/\/guasave.gob.mx\/implan\/recepcion-del-reconocimiento-por-parte-de-sedatu\/\" class=\"sya_postlink post-595\" rel=\"bookmark\">Recepci\u00f3n del reconocimiento por parte de SEDATU<\/a><\/div>\n<\/li>\n<li class=\"\">\n<div class=\"sya_postcontent\"><span class=\"sya_date\"> <span class=\"sya_sep\"> <\/span><\/span><a href=\"https:\/\/guasave.gob.mx\/implan\/ultima-sesion-de-audiencias-publicas-en-mazatlan-para-su-programa-de-desarrollo-urbano-de-centro-de-poblacion\/\" class=\"sya_postlink post-588\" rel=\"bookmark\">\u00daLTIMA SESI\u00d3N DE AUDIENCIAS P\u00daBLICAS EN MAZATL\u00c1N PARA SU PROGRAMA DE DESARROLLO URBANO DE CENTRO DE POBLACI\u00d3N.<\/a><\/div>\n<\/li>\n<li class=\"\">\n<div class=\"sya_postcontent\"><span class=\"sya_date\"> <span class=\"sya_sep\"> <\/span><\/span><a href=\"https:\/\/guasave.gob.mx\/implan\/visita-a-implan-mazatlan\/\" class=\"sya_postlink post-585\" rel=\"bookmark\">VISITA A IMPLAN MAZATL\u00c1N.<\/a><\/div>\n<\/li>\n<li class=\"\">\n<div class=\"sya_postcontent\"><span class=\"sya_date\"> <span class=\"sya_sep\"> <\/span><\/span><a href=\"https:\/\/guasave.gob.mx\/implan\/audiencias-publicas-en-mazatlan-para-su-programa-de-desarrollo-urbano-de-centro-de-poblacion\/\" class=\"sya_postlink post-582\" rel=\"bookmark\">AUDIENCIAS P\u00daBLICAS EN MAZATL\u00c1N PARA SU PROGRAMA DE DESARROLLO URBANO DE CENTRO DE POBLACI\u00d3N.<\/a><\/div>\n<\/li>\n<li class=\"\">\n<div class=\"sya_postcontent\"><span class=\"sya_date\"> <span class=\"sya_sep\"> <\/span><\/span><a href=\"https:\/\/guasave.gob.mx\/implan\/asistencia-al-evento-del-inicio-de-etapa-de-audiencias-publicas-de-los-programas-de-desarrollo-urbano-2024\/\" class=\"sya_postlink post-579\" rel=\"bookmark\">ASISTENCIA AL EVENTO DEL INICIO DE ETAPA DE AUDIENCIAS P\u00daBLICAS DE LOS PROGRAMAS DE DESARROLLO URBANO 2024.<\/a><\/div>\n<\/li>\n<li class=\"\">\n<div class=\"sya_postcontent\"><span class=\"sya_date\"> <span class=\"sya_sep\"> <\/span><\/span><a href=\"https:\/\/guasave.gob.mx\/implan\/firma-del-acta-de-entrega-del-proyecto-del-sistema-de-alcantarillado-pluvial-para-zona-norte-de-guasave\/\" class=\"sya_postlink post-576\" rel=\"bookmark\">FIRMA DEL ACTA DE ENTREGA DEL PROYECTO DEL SISTEMA DE ALCANTARILLADO PLUVIAL PARA ZONA NORTE DE GUASAVE.<\/a><\/div>\n<\/li>\n<li class=\"\">\n<div class=\"sya_postcontent\"><span class=\"sya_date\"> <span class=\"sya_sep\"> <\/span><\/span><a href=\"https:\/\/guasave.gob.mx\/implan\/reunion-informativa\/\" class=\"sya_postlink post-572\" rel=\"bookmark\">Reuni\u00f3n informativa<\/a><\/div>\n<\/li>\n<li class=\"\">\n<div class=\"sya_postcontent\"><span class=\"sya_date\"> <span class=\"sya_sep\"> <\/span><\/span><a href=\"https:\/\/guasave.gob.mx\/implan\/autorizacion-por-sedatu-del-programa-municipal-de-ordenamiento-territorial-y-desarrollo-urbano-del-municipio-de-guasave\/\" class=\"sya_postlink post-568\" rel=\"bookmark\">Autorizaci\u00f3n por SEDATU del Programa Municipal de Ordenamiento Territorial y Desarrollo Urbano del Municipio de Guasave<\/a><\/div>\n<\/li>\n<li class=\"\">\n<div class=\"sya_postcontent\"><span class=\"sya_date\"> <span class=\"sya_sep\"> <\/span><\/span><a href=\"https:\/\/guasave.gob.mx\/implan\/analisis-hidrologico-de-la-cuenca-del-arroyo-ocoroni\/\" class=\"sya_postlink post-565\" rel=\"bookmark\">An\u00e1lisis Hidrol\u00f3gico de la Cuenca del Arroyo Ocoroni<\/a><\/div>\n<\/li>\n<li class=\"\">\n<div class=\"sya_postcontent\"><span class=\"sya_date\"> <span class=\"sya_sep\"> <\/span><\/span><a href=\"https:\/\/guasave.gob.mx\/implan\/implan-y-la-uadeo-se-realizo-la-entrega-de-tapas-y-pets\/\" class=\"sya_postlink post-562\" rel=\"bookmark\">IMPLAN y la UAdeO se realiz\u00f3 la entrega de tapas y PETS<\/a><\/div>\n<\/li>\n<li class=\"\">\n<div class=\"sya_postcontent\"><span class=\"sya_date\"> <span class=\"sya_sep\"> <\/span><\/span><a href=\"https:\/\/guasave.gob.mx\/implan\/implan-guasave-acudio-a-las-instalaciones-de-la-unidad-regional-guasave-de-la-universidad-autonoma-de-occidente\/\" class=\"sya_postlink post-559\" rel=\"bookmark\">IMPLAN Guasave acudi\u00f3 a las instalaciones de la unidad regional Guasave de la Universidad Aut\u00f3noma de Occidente<\/a><\/div>\n<\/li>\n<li class=\"\">\n<div class=\"sya_postcontent\"><span class=\"sya_date\"> <span class=\"sya_sep\"> <\/span><\/span><a href=\"https:\/\/guasave.gob.mx\/implan\/c-dr-david-ignacio-rojas-escarrega-director-general-de-implan-guasave-hace-entrega-formal-al-c-arq-miguel-jorge-wong-ortega\/\" class=\"sya_postlink post-556\" rel=\"bookmark\">C. Dr. David Ignacio Rojas Escarrega, director general de IMPLAN Guasave hace entrega formal al C. Arq. Miguel Jorge Wong Ortega<\/a><\/div>\n<\/li>\n<li class=\"\">\n<div class=\"sya_postcontent\"><span class=\"sya_date\"> <span class=\"sya_sep\"> <\/span><\/span><a href=\"https:\/\/guasave.gob.mx\/implan\/implan-guasave-realizo-una-visita-al-sitio-del-estudio-de-manifiesto-de-impacto-ambiental\/\" class=\"sya_postlink post-553\" rel=\"bookmark\">IMPLAN Guasave realiz\u00f3 una visita al sitio del estudio de Manifiesto de Impacto Ambiental<\/a><\/div>\n<\/li>\n<li class=\"\">\n<div class=\"sya_postcontent\"><span class=\"sya_date\"> <span class=\"sya_sep\"> <\/span><\/span><a href=\"https:\/\/guasave.gob.mx\/implan\/implan-guasave-en-colaboracion-con-movilidad-sustentable-y-obras-publicas\/\" class=\"sya_postlink post-527\" rel=\"bookmark\">IMPLAN Guasave en colaboraci\u00f3n con Movilidad Sustentable y Obras P\u00fablicas<\/a><\/div>\n<\/li>\n<li class=\"\">\n<div class=\"sya_postcontent\"><span class=\"sya_date\"> <span class=\"sya_sep\"> <\/span><\/span><a href=\"https:\/\/guasave.gob.mx\/implan\/en-busca-de-fortalecer-las-relaciones-entre-los-diferentes-implan\/\" class=\"sya_postlink post-524\" rel=\"bookmark\">En busca de fortalecer las relaciones entre los diferentes IMPLAN<\/a><\/div>\n<\/li>\n<li class=\"\">\n<div class=\"sya_postcontent\"><span class=\"sya_date\"> <span class=\"sya_sep\"> <\/span><\/span><a href=\"https:\/\/guasave.gob.mx\/implan\/implan-se-reunio-con-los-vecinos-de-algunas-de-las-colonias-de-la-zona-norte\/\" class=\"sya_postlink post-521\" rel=\"bookmark\">IMPLAN se reuni\u00f3 con los vecinos de algunas de las colonias de la zona norte<\/a><\/div>\n<\/li>\n<li class=\"\">\n<div class=\"sya_postcontent\"><span class=\"sya_date\"> <span class=\"sya_sep\"> <\/span><\/span><a href=\"https:\/\/guasave.gob.mx\/implan\/drenaje-pluvial-zona-norte\/\" class=\"sya_postlink post-518\" rel=\"bookmark\">Drenaje pluvial zona norte.<\/a><\/div>\n<\/li>\n<li class=\"\">\n<div class=\"sya_postcontent\"><span class=\"sya_date\"> <span class=\"sya_sep\"> <\/span><\/span><a href=\"https:\/\/guasave.gob.mx\/implan\/recorrido-por-sindicaturas\/\" class=\"sya_postlink post-514\" rel=\"bookmark\">Recorrido por sindicaturas<\/a><\/div>\n<\/li>\n<li class=\"\">\n<div class=\"sya_postcontent\"><span class=\"sya_date\"> <span class=\"sya_sep\"> <\/span><\/span><a href=\"https:\/\/guasave.gob.mx\/implan\/la-ciudad-de-culiacan-puso-en-marcha-la-socializacion-para-realizar-su-programa-municipal-de-ordenamiento-territorial-y-desarrollo-urbano\/\" class=\"sya_postlink post-511\" rel=\"bookmark\">La ciudad de Culiac\u00e1n puso en marcha la socializaci\u00f3n para realizar su Programa Municipal de Ordenamiento Territorial y Desarrollo Urbano<\/a><\/div>\n<\/li>\n<li class=\"\">\n<div class=\"sya_postcontent\"><span class=\"sya_date\"> <span class=\"sya_sep\"> <\/span><\/span><a href=\"https:\/\/guasave.gob.mx\/implan\/programa-municipal-de-ordenamiento-territorial-y-desarrollo-urbano-pmotdu\/\" class=\"sya_postlink post-508\" rel=\"bookmark\">Programa Municipal de Ordenamiento Territorial y Desarrollo Urbano (PMOTDU)<\/a><\/div>\n<\/li>\n<li class=\"\">\n<div class=\"sya_postcontent\"><span class=\"sya_date\"> <span class=\"sya_sep\"> <\/span><\/span><a href=\"https:\/\/guasave.gob.mx\/implan\/aguaton-2024\/\" class=\"sya_postlink post-505\" rel=\"bookmark\">Aguat\u00f3n 2024<\/a><\/div>\n<\/li>\n<li class=\"\">\n<div class=\"sya_postcontent\"><span class=\"sya_date\"> <span class=\"sya_sep\"> <\/span><\/span><a href=\"https:\/\/guasave.gob.mx\/implan\/celebraron-contrato-para-la-elaboracion-de-la-manifestacion-de-impacto-ambiental-mia\/\" class=\"sya_postlink post-502\" rel=\"bookmark\">Celebraron contrato para la elaboraci\u00f3n de la manifestaci\u00f3n de impacto ambiental (MIA)<\/a><\/div>\n<\/li>\n<li class=\"\">\n<div class=\"sya_postcontent\"><span class=\"sya_date\"> <span class=\"sya_sep\"> <\/span><\/span><a href=\"https:\/\/guasave.gob.mx\/implan\/david-rojas-visito-las-instalaciones-de-implan-culiacan\/\" class=\"sya_postlink post-499\" rel=\"bookmark\">David Rojas visit\u00f3 las instalaciones de IMPLAN Culiac\u00e1n<\/a><\/div>\n<\/li>\n<li class=\"\">\n<div class=\"sya_postcontent\"><span class=\"sya_date\"> <span class=\"sya_sep\"> <\/span><\/span><a href=\"https:\/\/guasave.gob.mx\/implan\/protesta-de-ley-al-c-dr-david-ignacio-rojas-escarrega\/\" class=\"sya_postlink post-495\" rel=\"bookmark\">Protesta de ley al C. Dr. David Ignacio Rojas Escarrega<\/a><\/div>\n<\/li>\n<li class=\"\">\n<div class=\"sya_postcontent\"><span class=\"sya_date\"> <span class=\"sya_sep\"> <\/span><\/span><a href=\"https:\/\/guasave.gob.mx\/implan\/451-2\/\" class=\"sya_postlink post-451\" rel=\"bookmark\"><\/a><\/div>\n<\/li>\n<\/ul>\n<p><a id=\"year2023\"><\/a>2023<\/p>\n<ul>\n<li class=\"\">\n<div class=\"sya_postcontent\"><span class=\"sya_date\"> <span class=\"sya_sep\"> <\/span><\/span><a href=\"https:\/\/guasave.gob.mx\/implan\/inicia-taller-para-elaborar-el-programa-municipal-de-ordenamiento-territorial-y-desarrollo-urbano\/\" class=\"sya_postlink post-392\" rel=\"bookmark\">Inicia taller para elaborar el Programa Municipal de Ordenamiento Territorial y Desarrollo Urbano<\/a><\/div>\n<\/li>\n<li class=\"\">\n<div class=\"sya_postcontent\"><span class=\"sya_date\"> <span class=\"sya_sep\"> <\/span><\/span><a href=\"https:\/\/guasave.gob.mx\/implan\/el-programa-de-ordenamiento-territorial-tendra-una-vision-integral-de-guasave-y-participara-la-sociedad\/\" class=\"sya_postlink post-375\" rel=\"bookmark\">El Programa de Ordenamiento Territorial tendr\u00e1 una visi\u00f3n integral de Guasave y participar\u00e1 la sociedad<\/a><\/div>\n<\/li>\n<li class=\"\">\n<div class=\"sya_postcontent\"><span class=\"sya_date\"> <span class=\"sya_sep\"> <\/span><\/span><a href=\"https:\/\/guasave.gob.mx\/implan\/el-h-ayuntamiento-de-guasave-a-traves-del-implan-llevo-a-cabo-la-cuarta-sesion-ordinaria-del-consejo-municipal-de-ordenamiento-territorial-desarrollo-urbano-y-vivienda\/\" class=\"sya_postlink post-365\" rel=\"bookmark\">El H. Ayuntamiento de Guasave a trav\u00e9s del IMPLAN llev\u00f3 a cabo la cuarta sesi\u00f3n ordinaria del Consejo Municipal de Ordenamiento Territorial, Desarrollo Urbano y Vivienda<\/a><\/div>\n<\/li>\n<\/ul>\n<p><a id=\"year2022\"><\/a>2022<\/p>\n<ul>\n<li class=\"\">\n<div class=\"sya_postcontent\"><span class=\"sya_date\"> <span class=\"sya_sep\"> <\/span><\/span><a href=\"https:\/\/guasave.gob.mx\/implan\/talleres-de-participacion-ciudadana-para-la-elaboracion-del-programa-integral-de-movilidad-urbana-sustentable-de-la-ciudad-de-guasave\/\" class=\"sya_postlink post-355\" rel=\"bookmark\">TALLERES DE PARTICIPACI\u00d3N CIUDADANA PARA LA ELABORACI\u00d3N DEL PROGRAMA INTEGRAL DE MOVILIDAD URBANA SUSTENTABLE DE LA CIUDAD DE GUASAVE<\/a><\/div>\n<\/li>\n<li class=\"\">\n<div class=\"sya_postcontent\"><span class=\"sya_date\"> <span class=\"sya_sep\"> <\/span><\/span><a href=\"https:\/\/guasave.gob.mx\/implan\/337-2\/\" class=\"sya_postlink post-337\" rel=\"bookmark\">\u00a1Tu participaci\u00f3n es importante!  \u00a1Nos vemos cerca de tu colonia las pr\u00f3ximas fechas!<\/a><\/div>\n<\/li>\n<li class=\"\">\n<div class=\"sya_postcontent\"><span class=\"sya_date\"> <span class=\"sya_sep\"> <\/span><\/span><a href=\"https:\/\/guasave.gob.mx\/implan\/se-realizo-el-foro-taller-de-participacion-ciudadana\/\" class=\"sya_postlink post-321\" rel=\"bookmark\">Se realiz\u00f3 el Foro \u2013Taller de Participaci\u00f3n Ciudadana<\/a><\/div>\n<\/li>\n<\/ul>\n<\/div>\n","protected":false},"excerpt":{"rendered":"","protected":false},"author":3,"featured_media":0,"parent":0,"menu_order":0,"comment_status":"closed","ping_status":"closed","template":"","meta":[],"_links":{"self":[{"href":"https:\/\/guasave.gob.mx\/implan\/wp-json\/wp\/v2\/pages\/591"}],"collection":[{"href":"https:\/\/guasave.gob.mx\/implan\/wp-json\/wp\/v2\/pages"}],"about":[{"href":"https:\/\/guasave.gob.mx\/implan\/wp-json\/wp\/v2\/types\/page"}],"author":[{"embeddable":true,"href":"https:\/\/guasave.gob.mx\/implan\/wp-json\/wp\/v2\/users\/3"}],"replies":[{"embeddable":true,"href":"https:\/\/guasave.gob.mx\/implan\/wp-json\/wp\/v2\/comments?post=591"}],"version-history":[{"count":2,"href":"https:\/\/guasave.gob.mx\/implan\/wp-json\/wp\/v2\/pages\/591\/revisions"}],"predecessor-version":[{"id":593,"href":"https:\/\/guasave.gob.mx\/implan\/wp-json\/wp\/v2\/pages\/591\/revisions\/593"}],"wp:attachment":[{"href":"https:\/\/guasave.gob.mx\/implan\/wp-json\/wp\/v2\/media?parent=591"}],"curies":[{"name":"wp","href":"https:\/\/api.w.org\/{rel}","templated":true}]}}