{"id":51,"date":"2021-06-08T15:33:06","date_gmt":"2021-06-08T15:33:06","guid":{"rendered":"https:\/\/guasave.gob.mx\/implan\/?page_id=51"},"modified":"2025-02-18T20:31:08","modified_gmt":"2025-02-18T20:31:08","slug":"junta-directiva","status":"publish","type":"page","link":"https:\/\/guasave.gob.mx\/implan\/junta-directiva\/","title":{"rendered":"Junta Directiva"},"content":{"rendered":"<h1 style=\"text-align: center;\">JUNTA DIRECTIVA<\/h1>\n<p>La Junta Directiva, es la m\u00e1xima autoridad dentro del instituto y se integra con los siguientes miembros:<\/p>\n<ol style=\"list-style-type: upper-roman;\">\n<li>La Presidenta Municipal, quien funge como Presidenta de la Junta Directiva.<\/li>\n<li>Los regidores de la Comisi\u00f3n de Urbanismo, Ecolog\u00eda y Obras P\u00fablicas del Cabildo.<\/li>\n<li>III. El Secretario T\u00e9cnico, quien es el Director del Instituto.<\/li>\n<li>El Director General de Obras y Servicios P\u00fablicos del Municipio.<\/li>\n<li>El Director de Planeaci\u00f3n Urbana del Municipio.<\/li>\n<li>El Director de Ecolog\u00eda y Medio Ambiente del Municipio.<\/li>\n<li>7 vocales ciudadanos, conformados por:<\/li>\n<\/ol>\n<ul>\n<li style=\"list-style-type: none;\">\n<ul>\n<li>CANACO<\/li>\n<li>CANACINTRA<\/li>\n<li>CODESIN<\/li>\n<li>COLEGIO DE ARQUITECTOS<\/li>\n<li>COLEGIO DE NOTARIOS<\/li>\n<li>COLEGIO DE INGENIEROS<\/li>\n<li>UNIVERSIDADES<\/li>\n<\/ul>\n<\/li>\n<\/ul>\n","protected":false},"excerpt":{"rendered":"<p>JUNTA DIRECTIVA La Junta Directiva, es la m\u00e1xima autoridad dentro del instituto y se integra con los siguientes miembros: La Presidenta Municipal, quien funge como Presidenta de la Junta Directiva. Los regidores de la Comisi\u00f3n de Urbanismo, Ecolog\u00eda y Obras P\u00fablicas del Cabildo. III. El Secretario T\u00e9cnico, quien es el Director del Instituto. El Director &#8230; <a title=\"Junta Directiva\" class=\"read-more\" href=\"https:\/\/guasave.gob.mx\/implan\/junta-directiva\/\">Read more<\/a><\/p>\n","protected":false},"author":3,"featured_media":0,"parent":0,"menu_order":0,"comment_status":"closed","ping_status":"closed","template":"","meta":[],"_links":{"self":[{"href":"https:\/\/guasave.gob.mx\/implan\/wp-json\/wp\/v2\/pages\/51"}],"collection":[{"href":"https:\/\/guasave.gob.mx\/implan\/wp-json\/wp\/v2\/pages"}],"about":[{"href":"https:\/\/guasave.gob.mx\/implan\/wp-json\/wp\/v2\/types\/page"}],"author":[{"embeddable":true,"href":"https:\/\/guasave.gob.mx\/implan\/wp-json\/wp\/v2\/users\/3"}],"replies":[{"embeddable":true,"href":"https:\/\/guasave.gob.mx\/implan\/wp-json\/wp\/v2\/comments?post=51"}],"version-history":[{"count":4,"href":"https:\/\/guasave.gob.mx\/implan\/wp-json\/wp\/v2\/pages\/51\/revisions"}],"predecessor-version":[{"id":693,"href":"https:\/\/guasave.gob.mx\/implan\/wp-json\/wp\/v2\/pages\/51\/revisions\/693"}],"wp:attachment":[{"href":"https:\/\/guasave.gob.mx\/implan\/wp-json\/wp\/v2\/media?parent=51"}],"curies":[{"name":"wp","href":"https:\/\/api.w.org\/{rel}","templated":true}]}}