{"id":44,"date":"2021-06-08T15:27:01","date_gmt":"2021-06-08T15:27:01","guid":{"rendered":"https:\/\/guasave.gob.mx\/implan\/?page_id=44"},"modified":"2021-06-08T16:25:48","modified_gmt":"2021-06-08T16:25:48","slug":"quienes-somos","status":"publish","type":"page","link":"https:\/\/guasave.gob.mx\/implan\/quienes-somos\/","title":{"rendered":"\u00bfQui\u00e9nes Somos?"},"content":{"rendered":"<header class=\"page-header\">\n<h2 class=\"page-description\" style=\"text-align: justify;\">\u00bfQui\u00e9nes Somos?<\/h2>\n<\/header>\n<div align=\"justify\">\n<h5 style=\"text-align: justify;\"><strong>Somos un organismo p\u00fablico descentralizado de la administraci\u00f3n p\u00fablica municipal, con personalidad jur\u00eddica y patrimonio propio denominado instituto municipal de planeaci\u00f3n de Guasave Sinaloa y ejerce sus funciones en todo el territorio del municipio. Nuestro objetivo principal es desarrollar estudios de investigaci\u00f3n y prospectiva de los fen\u00f3menos f\u00edsicos, sociales y econ\u00f3micos en materia de planeaci\u00f3n, desarrollo urbano y medio ambiente, que son de inter\u00e9s p\u00fablico para el municipio de Guasave. Nos constituimos en un \u00f3rgano de consulta y de participaci\u00f3n social, encargado de elaborar planes, programas y proyectos orientados a mejorar los usos y destinos del suelo, creaci\u00f3n de reservas territoriales, la vialidad, el transporte y el crecimiento urbano de la ciudad de Guasave.<\/strong><\/h5>\n<p style=\"text-align: center;\"><a href=\"https:\/\/guasave.gob.mx\/implan\/wp-content\/uploads\/2021\/06\/logo.png\"><img loading=\"lazy\" class=\"alignnone size-full wp-image-24\" src=\"https:\/\/guasave.gob.mx\/implan\/wp-content\/uploads\/2021\/06\/logo.png\" alt=\"\" width=\"139\" height=\"86\" \/><\/a><\/p>\n<p>&nbsp;<\/p>\n<\/div>\n","protected":false},"excerpt":{"rendered":"<p>\u00bfQui\u00e9nes Somos? Somos un organismo p\u00fablico descentralizado de la administraci\u00f3n p\u00fablica municipal, con personalidad jur\u00eddica y patrimonio propio denominado instituto municipal de planeaci\u00f3n de Guasave Sinaloa y ejerce sus funciones en todo el territorio del municipio. Nuestro objetivo principal es desarrollar estudios de investigaci\u00f3n y prospectiva de los fen\u00f3menos f\u00edsicos, sociales y econ\u00f3micos en materia &#8230; <a title=\"\u00bfQui\u00e9nes Somos?\" class=\"read-more\" href=\"https:\/\/guasave.gob.mx\/implan\/quienes-somos\/\">Read more<\/a><\/p>\n","protected":false},"author":3,"featured_media":0,"parent":0,"menu_order":0,"comment_status":"closed","ping_status":"closed","template":"","meta":[],"_links":{"self":[{"href":"https:\/\/guasave.gob.mx\/implan\/wp-json\/wp\/v2\/pages\/44"}],"collection":[{"href":"https:\/\/guasave.gob.mx\/implan\/wp-json\/wp\/v2\/pages"}],"about":[{"href":"https:\/\/guasave.gob.mx\/implan\/wp-json\/wp\/v2\/types\/page"}],"author":[{"embeddable":true,"href":"https:\/\/guasave.gob.mx\/implan\/wp-json\/wp\/v2\/users\/3"}],"replies":[{"embeddable":true,"href":"https:\/\/guasave.gob.mx\/implan\/wp-json\/wp\/v2\/comments?post=44"}],"version-history":[{"count":2,"href":"https:\/\/guasave.gob.mx\/implan\/wp-json\/wp\/v2\/pages\/44\/revisions"}],"predecessor-version":[{"id":55,"href":"https:\/\/guasave.gob.mx\/implan\/wp-json\/wp\/v2\/pages\/44\/revisions\/55"}],"wp:attachment":[{"href":"https:\/\/guasave.gob.mx\/implan\/wp-json\/wp\/v2\/media?parent=44"}],"curies":[{"name":"wp","href":"https:\/\/api.w.org\/{rel}","templated":true}]}}