{"id":153,"date":"2021-07-12T14:15:04","date_gmt":"2021-07-12T14:15:04","guid":{"rendered":"https:\/\/guasave.gob.mx\/implan\/?page_id=153"},"modified":"2022-12-01T16:34:01","modified_gmt":"2022-12-01T16:34:01","slug":"contacto","status":"publish","type":"page","link":"https:\/\/guasave.gob.mx\/implan\/contacto\/","title":{"rendered":"Contacto"},"content":{"rendered":"\n<div data-elementor-type=\"wp-page\" data-elementor-id=\"153\" class=\"elementor elementor-153\" data-elementor-settings=\"[]\">\n<div class=\"elementor-inner\">\n<div class=\"elementor-section-wrap\">\n<section class=\"elementor-section elementor-top-section elementor-element elementor-element-7e96d610 elementor-section-boxed elementor-section-height-default elementor-section-height-default\" data-id=\"7e96d610\" data-element_type=\"section\">\n<div class=\"elementor-container elementor-column-gap-default\">\n<div class=\"elementor-row\">\n<div class=\"elementor-column elementor-col-100 elementor-top-column elementor-element elementor-element-52695b93\" data-id=\"52695b93\" data-element_type=\"column\">\n<div class=\"elementor-column-wrap elementor-element-populated\">\n<div class=\"elementor-widget-wrap\">\n<div class=\"elementor-element elementor-element-72614c50 elementor-widget elementor-widget-text-editor\" data-id=\"72614c50\" data-element_type=\"widget\" data-widget_type=\"text-editor.default\">\n<div class=\"elementor-widget-container\">\n<div class=\"elementor-text-editor elementor-clearfix\">\n<h1 style=\"text-align: center;\">COMUNICATE CON NOSOTROS !!!<\/h1>\n<\/div><\/div>\n<\/p><\/div>\n<\/p><\/div>\n<\/p><\/div>\n<\/p><\/div>\n<\/p><\/div>\n<\/p><\/div>\n<\/section>\n<section class=\"elementor-section elementor-top-section elementor-element elementor-element-f0bb3ce elementor-section-boxed elementor-section-height-default elementor-section-height-default\" data-id=\"f0bb3ce\" data-element_type=\"section\">\n<div class=\"elementor-container elementor-column-gap-wide\">\n<div class=\"elementor-row\">\n<div class=\"elementor-column elementor-col-50 elementor-top-column elementor-element elementor-element-431e02f\" data-id=\"431e02f\" data-element_type=\"column\">\n<div class=\"elementor-column-wrap elementor-element-populated\">\n<div class=\"elementor-widget-wrap\">\n<div class=\"elementor-element elementor-element-d8240ff elementor-widget elementor-widget-shortcode\" data-id=\"d8240ff\" data-element_type=\"widget\" data-widget_type=\"shortcode.default\">\n<div class=\"elementor-widget-container\">\n<div class=\"elementor-shortcode\"><!--noptimize--><script type=\"text\/javascript\">\n    var captainformCustomVars = {};\n    var captainformThemeStyle = {};\n    var append_element = append_element || function(e){if(void 0==e)return!1;if(!(\"elementType\"in e))return!1;var n=null;if(n=e.following?e.following.parentElement:e.inside?e.inside:e.replacing?e.replacing.parentElement:\"script\"==e.elementType?document.head:document.body,null==n)return!1;var l=document.createElement(e.elementType);delete e.elementType,l=jQuery.extend(l,e),e.replacing?n.replaceChild(l,e.replacing):n.appendChild(l)};\n    var captainformDomReady = captainformDomReady || function(e){var t=!1,n=function(){document.addEventListener?(document.removeEventListener(\"DOMContentLoaded\",d),window.removeEventListener(\"load\",d)):(document.detachEvent(\"onreadystatechange\",d),window.detachEvent(\"onload\",d))},d=function(){t||!document.addEventListener&&\"load\"!==event.type&&\"complete\"!==document.readyState||(t=!0,n(),e())};if(\"complete\"===document.readyState)e();else if(document.addEventListener)document.addEventListener(\"DOMContentLoaded\",d),window.addEventListener(\"load\",d);else{document.attachEvent(\"onreadystatechange\",d),window.attachEvent(\"onload\",d);var o=!1;try{o=null==window.frameElement&&document.documentElement}catch(a){}o&&o.doScroll&&!function c(){if(!t){try{o.doScroll(\"left\")}catch(d){return setTimeout(c,50)}t=!0,n(),e()}}()}};\n    var readyStateOverflowInterval;\n    captainformDomReady(function() {\n        if (document.getElementById('captainform_js_global_vars') == null) {\n            append_element({\n                elementType: \"script\",\n                type: \"text\/javascript\",\n                id: \"captainform_js_global_vars\",\n                textContent: 'var frmRef=\"\"; try { frmRef=window.top.location.href; } catch(err) {}; var captainform_servicedomain=\"app.captainform.com\";var cfJsHost = \"https:\/\/\";',\n            });\n        }\n                try {\n            clearInterval(readyStateOverflowInterval);\n        }\n        catch(e) {\n            console.warn('[CaptainForm] Clear readyStateOverflowInterval error');\n        }\n        readyStateOverflowInterval = setInterval(function () {\n            try {\n                var elements = ['html', 'body'];\n                var foundElementWithOverflowHidden = false;\n                jQuery(elements).each(function (index, element) {\n                    if (jQuery(element).css('overflow-y') == 'hidden') {\n                        foundElementWithOverflowHidden = true;\n                        if(jQuery(element).height() > jQuery('window').height()){\n                            jQuery(window).resize();\n                        }\n                    }\n                    if(!foundElementWithOverflowHidden) {\n                        clearInterval(readyStateOverflowInterval);\n                    }\n                });\n            }\n            catch (e) {\n                console.warn('[CaptainForm] Overflow check error');\n            }\n        }, 300);\n            });\n<\/script><!--\/noptimize--><\/p>\n<div id=\"1329521\"><\/div>\n<p><!--noptimize--><script type=\"text\/javascript\">\n    captainformCustomVars['1329521'] = '';\n    captainformThemeStyle['1329521'] = '';\n    captainformDomReady(function () {\n        if (document.getElementById('captainform_easyxdmjs') == null) {\n            append_element({\n                elementType: \"script\",\n                type: \"text\/javascript\",\n                id: \"captainform_easyxdmjs\",\n                src: cfJsHost + captainform_servicedomain + \"\/includes\/easyXDM.min.js\",\n            });\n        }\n        if (document.getElementById('iframeresizer_embedding_system') == null) {\n            append_element({\n                elementType: \"script\",\n                type: \"text\/javascript\",\n                id: \"iframeresizer_embedding_system\",\n                src: cfJsHost + captainform_servicedomain + \"\/modules\/captainform\/js\/iframe_resizer\/3.5\/iframeResizer.min.js\",\n            });\n        }\n        append_element({\n            elementType: \"script\",\n            type: \"text\/javascript\",\n            id: \"jsform-1329521\",\n            src: cfJsHost + captainform_servicedomain + \"\/jsform-1329521.js?\" + captainformCustomVars['1329521'] + captainformThemeStyle['1329521'],\n            replacing: document.getElementById(\"1329521\"),\n        });\n    });\n<\/script><!--\/noptimize--><\/div>\n<\/p><\/div>\n<\/p><\/div>\n<\/p><\/div>\n<\/p><\/div>\n<\/p><\/div>\n<div class=\"elementor-column elementor-col-50 elementor-top-column elementor-element elementor-element-1da19f5\" data-id=\"1da19f5\" data-element_type=\"column\">\n<div class=\"elementor-column-wrap elementor-element-populated\">\n<div class=\"elementor-widget-wrap\">\n<div class=\"elementor-element elementor-element-85c57a8 elementor-widget elementor-widget-text-editor\" data-id=\"85c57a8\" data-element_type=\"widget\" data-widget_type=\"text-editor.default\">\n<div class=\"elementor-widget-container\">\n<div class=\"elementor-text-editor elementor-clearfix\">\n<h5>\u00a0<\/h5>\n<h5>Correo Electr\u00f3nico: <a href=\"mailto:implan@guasave.gob.mx\">implan@guasave.gob.mx<\/a><\/h5>\n<h5>N\u00famero De Tel\u00e9fono: (687) 721 14 27<\/h5>\n<h5>Facebook: Implan Guasave<\/h5>\n<h5>Direcci\u00f3n: Av. L\u00e1zaro C\u00e1rdenas 1016, \u00c1ngel Flores, 81040 Guasave Sin.<\/h5>\n<\/div><\/div>\n<\/p><\/div>\n<\/p><\/div>\n<\/p><\/div>\n<\/p><\/div>\n<\/p><\/div>\n<\/p><\/div>\n<\/section>\n<section class=\"elementor-section elementor-top-section elementor-element elementor-element-207ab54 elementor-section-boxed elementor-section-height-default elementor-section-height-default\" data-id=\"207ab54\" data-element_type=\"section\">\n<div class=\"elementor-container elementor-column-gap-default\">\n<div class=\"elementor-row\">\n<div class=\"elementor-column elementor-col-100 elementor-top-column elementor-element elementor-element-00ecb1f\" data-id=\"00ecb1f\" data-element_type=\"column\">\n<div class=\"elementor-column-wrap elementor-element-populated\">\n<div class=\"elementor-widget-wrap\">\n<div class=\"elementor-element elementor-element-3c65103 elementor-widget-divider--view-line elementor-widget elementor-widget-divider\" data-id=\"3c65103\" data-element_type=\"widget\" data-widget_type=\"divider.default\">\n<div class=\"elementor-widget-container\">\n<div class=\"elementor-divider\">\n\t\t\t<span class=\"elementor-divider-separator\"><br \/>\n\t\t\t\t\t\t<\/span>\n\t\t<\/div>\n<\/p><\/div>\n<\/p><\/div>\n<\/p><\/div>\n<\/p><\/div>\n<\/p><\/div>\n<\/p><\/div>\n<\/p><\/div>\n<\/section>\n<section class=\"elementor-section elementor-top-section elementor-element elementor-element-6b2ed6a elementor-section-boxed elementor-section-height-default elementor-section-height-default\" data-id=\"6b2ed6a\" data-element_type=\"section\">\n<div class=\"elementor-container elementor-column-gap-default\">\n<div class=\"elementor-row\">\n<div class=\"elementor-column elementor-col-100 elementor-top-column elementor-element elementor-element-719ad40\" data-id=\"719ad40\" data-element_type=\"column\">\n<div class=\"elementor-column-wrap elementor-element-populated\">\n<div class=\"elementor-widget-wrap\">\n<div class=\"elementor-element elementor-element-76e8942 elementor-widget elementor-widget-heading\" data-id=\"76e8942\" data-element_type=\"widget\" data-widget_type=\"heading.default\">\n<div class=\"elementor-widget-container\">\n<h2 class=\"elementor-heading-title elementor-size-default\">Nuestra Ubicacion <\/h2>\n<\/p><\/div>\n<\/p><\/div>\n<\/p><\/div>\n<\/p><\/div>\n<\/p><\/div>\n<\/p><\/div>\n<\/p><\/div>\n<\/section>\n<section class=\"elementor-section elementor-top-section elementor-element elementor-element-0b755c3 elementor-section-boxed elementor-section-height-default elementor-section-height-default\" data-id=\"0b755c3\" data-element_type=\"section\">\n<div class=\"elementor-container elementor-column-gap-default\">\n<div class=\"elementor-row\">\n<div class=\"elementor-column elementor-col-100 elementor-top-column elementor-element elementor-element-ff6ed68\" data-id=\"ff6ed68\" data-element_type=\"column\">\n<div class=\"elementor-column-wrap elementor-element-populated\">\n<div class=\"elementor-widget-wrap\">\n<div class=\"elementor-element elementor-element-1995098 elementor-widget elementor-widget-google_maps\" data-id=\"1995098\" data-element_type=\"widget\" data-widget_type=\"google_maps.default\">\n<div class=\"elementor-widget-container\">\n<div class=\"elementor-custom-embed\"><iframe frameborder=\"0\" scrolling=\"no\" marginheight=\"0\" marginwidth=\"0\" src=\"https:\/\/maps.google.com\/maps?q=Av%20L%C3%A1zaro%20C%C3%A1rdenas%201016%2C%20%C3%81ngel%20Flores%2C%2081040%20Guasave%2C%20Sin.&amp;t=m&amp;z=18&amp;output=embed&amp;iwloc=near\" title=\"Av L\u00e1zaro C\u00e1rdenas 1016, \u00c1ngel Flores, 81040 Guasave, Sin.\" aria-label=\"Av L\u00e1zaro C\u00e1rdenas 1016, \u00c1ngel Flores, 81040 Guasave, Sin.\"><\/iframe><\/div>\n<\/p><\/div>\n<\/p><\/div>\n<\/p><\/div>\n<\/p><\/div>\n<\/p><\/div>\n<\/p><\/div>\n<\/p><\/div>\n<\/section><\/div>\n<\/p><\/div>\n<\/p><\/div>\n","protected":false},"excerpt":{"rendered":"<p>COMUNICATE CON NOSOTROS !!! \u00a0 Correo Electr\u00f3nico: implan@guasave.gob.mx N\u00famero De Tel\u00e9fono: (687) 721 14 27 Facebook: Implan Guasave Direcci\u00f3n: Av. L\u00e1zaro C\u00e1rdenas 1016, \u00c1ngel Flores, 81040 Guasave Sin. Nuestra Ubicacion<\/p>\n","protected":false},"author":3,"featured_media":0,"parent":0,"menu_order":0,"comment_status":"closed","ping_status":"closed","template":"","meta":[],"_links":{"self":[{"href":"https:\/\/guasave.gob.mx\/implan\/wp-json\/wp\/v2\/pages\/153"}],"collection":[{"href":"https:\/\/guasave.gob.mx\/implan\/wp-json\/wp\/v2\/pages"}],"about":[{"href":"https:\/\/guasave.gob.mx\/implan\/wp-json\/wp\/v2\/types\/page"}],"author":[{"embeddable":true,"href":"https:\/\/guasave.gob.mx\/implan\/wp-json\/wp\/v2\/users\/3"}],"replies":[{"embeddable":true,"href":"https:\/\/guasave.gob.mx\/implan\/wp-json\/wp\/v2\/comments?post=153"}],"version-history":[{"count":49,"href":"https:\/\/guasave.gob.mx\/implan\/wp-json\/wp\/v2\/pages\/153\/revisions"}],"predecessor-version":[{"id":354,"href":"https:\/\/guasave.gob.mx\/implan\/wp-json\/wp\/v2\/pages\/153\/revisions\/354"}],"wp:attachment":[{"href":"https:\/\/guasave.gob.mx\/implan\/wp-json\/wp\/v2\/media?parent=153"}],"curies":[{"name":"wp","href":"https:\/\/api.w.org\/{rel}","templated":true}]}}