{"id":89,"date":"2021-02-22T15:12:06","date_gmt":"2021-02-22T15:12:06","guid":{"rendered":"https:\/\/guasave.gob.mx\/immujeres\/?page_id=89"},"modified":"2021-02-22T15:29:31","modified_gmt":"2021-02-22T15:29:31","slug":"aviso-de-privacidad","status":"publish","type":"page","link":"https:\/\/guasave.gob.mx\/immujeres\/aviso-de-privacidad\/","title":{"rendered":"AVISO DE PRIVACIDAD"},"content":{"rendered":"<h2 style=\"text-align: center;\"><strong>AVISO DE PRIVACIDAD<\/strong><\/h2>\n<p style=\"text-align: justify;\">CONFORME A LO DISPUESTO EN LA LEY DE TRANSPARENCIA Y ACCESO A LA INFORMACI\u00d3N P\u00daBLICA DEL ESTADO DE SINALOA Y A LA LEY DE PROTECCI\u00d3N DE DATOS PERSONALES EN POSESI\u00d3N DE SUJETOS OBLIGADOS DEL ESTADO DE SINALOA, LA UNIDAD DE TRANSPARENCIA ADSCRITA AL INSTITUTO MUNICIPAL DE LAS MUJERES GUASAVE, CON DOMICILIO EN BOULEVARD INSURGENTES S\/N, COLONIA EJIDAL, C\u00d3DIGO POSTAL 81040, ES RESPONSABLE DEL TRATAMIENTO DE LOS DATOS PERSONALES QUE NOS PROPORCIONE, LOS DATOS SER\u00c1N PROTEGIDOS CONFORME A LO DISPUESTO POR LA LEY GENERAL DE PROTECCI\u00d3N DE DATOS PERSONALES EN POSESI\u00d3N DE SUJETOS OBLIGADOS, Y DEM\u00c1S NORMATIVIDAD QUE RESULTE APLICABLE.<\/p>\n<p style=\"text-align: justify;\"><strong>DATOS PERSONALES QUE SE RECABAN Y SU FINALIDAD.<\/strong>\u00a0SUS DATOS PERSONALES SER\u00c1N UTILIZADOS EXCLUSIVAMENTE PARA DAR ATENCI\u00d3N A LOS TR\u00c1MITES QUE REALICE LA UNIDAD DE TRANSPARENCIA ADSCRITA AL INSTITUTO SINALOENSE DE LAS MUJERES, AS\u00cd COMO PARA LOS TR\u00c1MITES INTERNOS QUE SE REALICEN EN LA MISMA, COMO PARTE DEL DIARIO QUEHACER DEL \u00c1REA QUE EMITE EL PRESENTE AVISO. SUS DATOS PERSONALES PUEDEN Y DE SER AS\u00cd, SER\u00c1N UTILIZADOS CON LA FINALIDAD DE REALIZAR EL TR\u00c1MITE DE ADMISI\u00d3N, TR\u00c1MITE Y RESPUESTA DE SOLICITUDES INFORMACI\u00d3N INTERPUESTAS BAJO LA MODALIDAD DE DATOS PERSONALES, LA INFORMACI\u00d3N QUE SE RECABE EN LOS RECURSOS DE REVISI\u00d3N RESULTANTES DE INCONFORMIDADES A LAS RESPUESTAS EMITIDAS A LOS SOLICITANTES, AL PUBLICAR INFORMACI\u00d3N PERSONAL EN LOS PORTALES OFICIALES DE GOBIERNO DEL ESTADO, AL DAR TR\u00c1MITE A ASUNTO CONCERNIENTES A LOS DERECHOS ARCO (ACCESO, RECTIFICACI\u00d3N, CANCELACI\u00d3N Y OPOSICI\u00d3N). PARA LAS FINALIDADES ANTES SE\u00d1ALADAS SE PODR\u00c1N RECABAR, SEG\u00daN SE AMERITE EL CASO EN CONCRETO, TODOS O ALGUNOS LOS SIGUIENTES DATOS PERSONALES: NOMBRE COMPLETO, DOMICILIO, EDAD, ESTADO CIVIL, NACIONALIDAD, N\u00daMERO TELEF\u00d3NICO, REGISTRO FEDERAL DE CONTRIBUYENTES, N\u00daMERO DE SEGURIDAD SOCIAL O AN\u00c1LOGO Y CORREO ELECTR\u00d3NICO. SE INFORMA QUE NO RECABAR\u00c1N DATOS PERSONALES SENSIBLES.<\/p>\n<p style=\"text-align: justify;\"><strong>FUNDAMENTO PARA EL TRATAMIENTO DE DATOS PERSONALES.<\/strong>\u00a0SE HACE DE SU CONOCIMIENTO QUE EL FUNDAMENTO PARA TRATAR SUS DATOS PERSONALES, SE ENCUENTRA EN LOS ART\u00cdCULO 21, 94, 165 Y EL SEGUNDO P\u00c1RRAFO DEL ART\u00cdCULO 166 DE LA LEY DE TRANSPARENCIA Y ACCESO A LA INFORMACI\u00d3N P\u00daBLICA DEL ESTADO DE SINALOA Y EN LOS ART\u00cdCULO 1, 2, 3, 4 FRACCI\u00d3N II, 14, 28, 29, 30, 31, 32,33, 34, 35, 36, 37, 38, 196 FRACCI\u00d3N VIII DE LA LEY DE PROTECCI\u00d3N DE DATOS PERSONALES EN POSESI\u00d3N DE SUJETOS OBLIGADOS DEL ESTADO DE SINALOA.<\/p>\n<p style=\"text-align: justify;\"><strong>MECANISMOS, MEDIOS Y PROCEDIMIENTOS DISPONIBLES PARA EJERCER LOS DERECHOS ARCO<\/strong>. PARA EL EJERCICIO DE CUALQUIER DE LOS DERECHOS ARCO, USTED DEBER\u00c1 PRESENTAR LA SOLICITUD RESPECTIVA EN LA UNIDAD DE TRANSPARENCIA, AS\u00cd COMO PARA CONOCER EL PROCEDIMIENTO Y REQUISITOS PARA EL EJERCICIO DE LOS DERECHOS ARCO, USTED PODR\u00c1 PONERSE EN CONTACTO CON NUESTRO RESPONSABLE DE LA UNIDAD DE TRANSPARENCIA, EL CUAL, CON FUNDAMENTO EN LA FRACCI\u00d3N III DEL ART\u00cdCULO 114 DE LA LEY DE PROTECCI\u00d3N DE DATOS PERSONALES EN POSESI\u00d3N DE SUJETOS OBLIGADOS DEL ESTADO DE SINALOA. DAR\u00c1 TR\u00c1MITE A LAS SOLITUDES PARA EL EJERCICIO DE ESTOS DERECHOS, Y ATENDER\u00c1 CUALQUIER DUDA QUE PUDIERA TENER RESPECTO AL TRATAMIENTO DE SU INFORMACI\u00d3N. LOS DATOS DE CONTACTO DE LA\/EL RESPONSABLE DE LA UNIDAD DE TRANSPARENCIA SON LOS SIGUIENTES: BOULEVARD INSURGENTES S\/N, COLONIA EJIDAL, C\u00d3DIGO POSTAL 81040, TEL\u00c9FONO: (87) 1 00 16.<\/p>\n<p style=\"text-align: justify;\"><strong>\u00bfC\u00d3MO PUEDE REVOCAR SU CONSENTIMIENTO PARA EL USO DE SUS DATOS PERSONALES?<\/strong>\u00a0USTED PUEDE REVOCAR EL CONSENTIMIENTO QUE, EN CASO, NOS HAYA OTORGADO PARA EL TRATAMIENTO DE SUS DATOS PERSONALES. PARA REVOCAR SU CONSENTIMIENTO DEBER\u00c1 PRESENTAR SU SOLICITUD CON EL RESPONSABLE DE LA UNIDAD DE TRANSPARENCIA DE ESTE INSTITUTO, EN: BOULEVARD INSURGENTES S\/N, COLONIA EJIDAL, C\u00d3DIGO POSTAL 81040, TEL\u00c9FONO: (87) 1 00 16.<\/p>\n<p style=\"text-align: justify;\"><strong>TRANSFERENCIAS DE DATOS PERSONALES.<\/strong>\u00a0SE INFORMA QUE NO SE REALIZAR\u00c1N TRANSFERENCIAS DE DATOS PERSONALES, SALVO AQUELLAS QUE SEAN NECESARIAS PARA ATENDER REQUERIMIENTOS DE INFORMACI\u00d3N DE UNA AUTORIDAD, COMPETENTE, QUE ESTO DEBIDAMENTE FUNDADO Y MOTIVADO.<\/p>\n<p style=\"text-align: justify;\"><strong>CAMBIOS AL AVISO DE PRIVACIDAD<\/strong>. EN CASO DE QUE EXISTA UN CAMBIO DE ESTE AVISO DE PRIVACIDAD, LO HAREMOS DE SU CONOCIMIENTO EN EL PORTAL OFICIAL, EN EL APARTADO DE ESTE INSTITUTO: <a href=\"https:\/\/guasave.gob.mx\/immujeres\/aviso-de-privacidad\/\">https:\/\/guasave.gob.mx\/immujeres\/aviso-de-privacidad\/<\/a><\/p>\n<p style=\"text-align: justify;\">Conforme a lo dispuesto en la Ley de Transparencia y Acceso a la Informaci\u00f3n P\u00fablica del Estado de Sinaloa, la Ley de Protecci\u00f3n de Datos Personales en Posesi\u00f3n de Sujetos Obligados del Estado de Sinaloa y dem\u00e1s normatividad que resulte aplicable, el\u00a0Instituto Municipal de las Mujeres Guasave, con domicilio,\u00a0BOULEVARD INSURGENTES S\/N, COLONIA EJIDAL, C\u00d3DIGO POSTAL 81040, TEL\u00c9FONO: (87) 1 00 16.<\/p>\n<p style=\"text-align: justify;\">emite el presente Aviso de Privacidad para informar que es responsable de la confidencialidad, uso y protecci\u00f3n de la informaci\u00f3n de los datos personales que se llegaren a proporcionar a este Instituto, por cualquier medio disponible para tal efecto. Al respecto le informamos lo siguiente: Los datos personales que recabamos de usted, los utilizaremos\u00a0para realizar el registro de los participantes en las acciones de orientaci\u00f3n de trabajo social, psicol\u00f3gico y jur\u00eddico, as\u00ed como las capacitaciones, validar la asistencia a los cursos, brindar la capacitaci\u00f3n, generar las constancias respectivas, elaborar informes, en su caso, establecer comunicaci\u00f3n para dar seguimiento a la conclusi\u00f3n de los cursos, as\u00ed como para aclarar dudas sobre sus datos, ya sea por alg\u00fan error o imprecisi\u00f3n, notificaci\u00f3n de cancelaci\u00f3n o cambio de horario, fecha y\/o sede.<\/p>\n<p style=\"text-align: justify;\"><strong>\u00bfD\u00f3nde puedo consultar el aviso de privacidad integral?<\/strong><\/p>\n<p style=\"text-align: justify;\">Para conocer mayor informaci\u00f3n sobre los t\u00e9rminos y condiciones en que ser\u00e1n tratados sus datos personales, y la forma en que podr\u00e1 ejercer sus derechos ARCO, puede consultar el aviso de privacidad integral en la direcci\u00f3n electr\u00f3nica:\u00a0 <a href=\"https:\/\/guasave.gob.mx\/immujeres\/aviso-de-privacidad\/\">https:\/\/guasave.gob.mx\/immujeres\/aviso-de-privacidad\/<\/a><\/p>\n<p style=\"text-align: justify;\">\n","protected":false},"excerpt":{"rendered":"<p>AVISO DE PRIVACIDAD CONFORME A LO DISPUESTO EN LA LEY DE TRANSPARENCIA Y ACCESO A LA INFORMACI\u00d3N P\u00daBLICA DEL ESTADO DE SINALOA Y A LA LEY DE PROTECCI\u00d3N DE DATOS PERSONALES EN POSESI\u00d3N DE SUJETOS OBLIGADOS DEL ESTADO DE SINALOA, LA UNIDAD DE TRANSPARENCIA ADSCRITA AL INSTITUTO MUNICIPAL DE LAS MUJERES GUASAVE, CON DOMICILIO EN &#8230; <a title=\"AVISO DE PRIVACIDAD\" class=\"read-more\" href=\"https:\/\/guasave.gob.mx\/immujeres\/aviso-de-privacidad\/\">Read more<\/a><\/p>\n","protected":false},"author":3,"featured_media":0,"parent":0,"menu_order":0,"comment_status":"closed","ping_status":"closed","template":"","meta":[],"_links":{"self":[{"href":"https:\/\/guasave.gob.mx\/immujeres\/wp-json\/wp\/v2\/pages\/89"}],"collection":[{"href":"https:\/\/guasave.gob.mx\/immujeres\/wp-json\/wp\/v2\/pages"}],"about":[{"href":"https:\/\/guasave.gob.mx\/immujeres\/wp-json\/wp\/v2\/types\/page"}],"author":[{"embeddable":true,"href":"https:\/\/guasave.gob.mx\/immujeres\/wp-json\/wp\/v2\/users\/3"}],"replies":[{"embeddable":true,"href":"https:\/\/guasave.gob.mx\/immujeres\/wp-json\/wp\/v2\/comments?post=89"}],"version-history":[{"count":4,"href":"https:\/\/guasave.gob.mx\/immujeres\/wp-json\/wp\/v2\/pages\/89\/revisions"}],"predecessor-version":[{"id":93,"href":"https:\/\/guasave.gob.mx\/immujeres\/wp-json\/wp\/v2\/pages\/89\/revisions\/93"}],"wp:attachment":[{"href":"https:\/\/guasave.gob.mx\/immujeres\/wp-json\/wp\/v2\/media?parent=89"}],"curies":[{"name":"wp","href":"https:\/\/api.w.org\/{rel}","templated":true}]}}