{"id":82,"date":"2021-02-22T15:04:07","date_gmt":"2021-02-22T15:04:07","guid":{"rendered":"https:\/\/guasave.gob.mx\/immujeres\/?page_id=82"},"modified":"2022-08-22T16:10:22","modified_gmt":"2022-08-22T16:10:22","slug":"material-didactico","status":"publish","type":"page","link":"https:\/\/guasave.gob.mx\/immujeres\/material-didactico\/","title":{"rendered":"MATERIAL DIDACTICO"},"content":{"rendered":"\t\t<div data-elementor-type=\"wp-page\" data-elementor-id=\"82\" class=\"elementor elementor-82\" data-elementor-settings=\"[]\">\n\t\t\t\t\t\t<div class=\"elementor-inner\">\n\t\t\t\t\t\t\t<div class=\"elementor-section-wrap\">\n\t\t\t\t\t\t\t<section class=\"elementor-section elementor-top-section elementor-element elementor-element-8d2aade elementor-section-boxed elementor-section-height-default elementor-section-height-default\" data-id=\"8d2aade\" data-element_type=\"section\">\n\t\t\t\t\t\t<div class=\"elementor-container elementor-column-gap-default\">\n\t\t\t\t\t\t\t<div class=\"elementor-row\">\n\t\t\t\t\t<div class=\"elementor-column elementor-col-100 elementor-top-column elementor-element elementor-element-173c06b\" data-id=\"173c06b\" data-element_type=\"column\">\n\t\t\t<div class=\"elementor-column-wrap elementor-element-populated\">\n\t\t\t\t\t\t\t<div class=\"elementor-widget-wrap\">\n\t\t\t\t\t\t<div class=\"elementor-element elementor-element-d70fc29 elementor--h-position-center elementor--v-position-middle elementor-arrows-position-inside elementor-pagination-position-inside elementor-widget elementor-widget-slides\" data-id=\"d70fc29\" data-element_type=\"widget\" data-settings=\"{&quot;navigation&quot;:&quot;both&quot;,&quot;autoplay&quot;:&quot;yes&quot;,&quot;pause_on_hover&quot;:&quot;yes&quot;,&quot;pause_on_interaction&quot;:&quot;yes&quot;,&quot;autoplay_speed&quot;:5000,&quot;infinite&quot;:&quot;yes&quot;,&quot;transition&quot;:&quot;slide&quot;,&quot;transition_speed&quot;:500}\" data-widget_type=\"slides.default\">\n\t\t\t\t<div class=\"elementor-widget-container\">\n\t\t\t\t\t<div class=\"elementor-swiper\">\n\t\t\t<div class=\"elementor-slides-wrapper elementor-main-swiper swiper-container\" dir=\"ltr\" data-animation=\"fadeInUp\">\n\t\t\t\t<div class=\"swiper-wrapper elementor-slides\">\n\t\t\t\t\t<div class=\"elementor-repeater-item-88c7f89 swiper-slide\"><div class=\"swiper-slide-bg\"><\/div><div class=\"swiper-slide-inner\" ><div class=\"swiper-slide-contents\"><\/div><\/div><\/div><div class=\"elementor-repeater-item-bd3a3a9 swiper-slide\"><div class=\"swiper-slide-bg\"><\/div><div class=\"swiper-slide-inner\" ><div class=\"swiper-slide-contents\"><\/div><\/div><\/div><div class=\"elementor-repeater-item-040dcd5 swiper-slide\"><div class=\"swiper-slide-bg\"><\/div><div class=\"swiper-slide-inner\" ><div class=\"swiper-slide-contents\"><\/div><\/div><\/div><div class=\"elementor-repeater-item-9fde9bf swiper-slide\"><div class=\"swiper-slide-bg\"><\/div><div class=\"swiper-slide-inner\" ><div class=\"swiper-slide-contents\"><\/div><\/div><\/div><div class=\"elementor-repeater-item-08caf03 swiper-slide\"><div class=\"swiper-slide-bg\"><\/div><div class=\"swiper-slide-inner\" ><div class=\"swiper-slide-contents\"><\/div><\/div><\/div><div class=\"elementor-repeater-item-7e90edb swiper-slide\"><div class=\"swiper-slide-bg\"><\/div><div class=\"swiper-slide-inner\" ><div class=\"swiper-slide-contents\"><\/div><\/div><\/div><div class=\"elementor-repeater-item-1cccb76 swiper-slide\"><div class=\"swiper-slide-bg\"><\/div><div class=\"swiper-slide-inner\" ><div class=\"swiper-slide-contents\"><\/div><\/div><\/div>\t\t\t\t<\/div>\n\t\t\t\t\t\t\t\t\t\t\t\t\t\t\t<div class=\"swiper-pagination\"><\/div>\n\t\t\t\t\t\t\t\t\t\t\t\t\t\t\t\t<div class=\"elementor-swiper-button elementor-swiper-button-prev\">\n\t\t\t\t\t\t\t<i class=\"eicon-chevron-left\" aria-hidden=\"true\"><\/i>\n\t\t\t\t\t\t\t<span class=\"elementor-screen-only\">Previous<\/span>\n\t\t\t\t\t\t<\/div>\n\t\t\t\t\t\t<div class=\"elementor-swiper-button elementor-swiper-button-next\">\n\t\t\t\t\t\t\t<i class=\"eicon-chevron-right\" aria-hidden=\"true\"><\/i>\n\t\t\t\t\t\t\t<span class=\"elementor-screen-only\">Next<\/span>\n\t\t\t\t\t\t<\/div>\n\t\t\t\t\t\t\t\t\t\t\t\t<\/div>\n\t\t<\/div>\n\t\t\t\t<\/div>\n\t\t\t\t<\/div>\n\t\t\t\t\t\t<\/div>\n\t\t\t\t\t<\/div>\n\t\t<\/div>\n\t\t\t\t\t\t\t\t<\/div>\n\t\t\t\t\t<\/div>\n\t\t<\/section>\n\t\t\t\t<section class=\"elementor-section elementor-top-section elementor-element elementor-element-1d9286e elementor-section-boxed elementor-section-height-default elementor-section-height-default\" data-id=\"1d9286e\" data-element_type=\"section\">\n\t\t\t\t\t\t<div class=\"elementor-container elementor-column-gap-default\">\n\t\t\t\t\t\t\t<div class=\"elementor-row\">\n\t\t\t\t\t<div class=\"elementor-column elementor-col-100 elementor-top-column elementor-element elementor-element-60145727\" data-id=\"60145727\" data-element_type=\"column\">\n\t\t\t<div class=\"elementor-column-wrap elementor-element-populated\">\n\t\t\t\t\t\t\t<div class=\"elementor-widget-wrap\">\n\t\t\t\t\t\t<div class=\"elementor-element elementor-element-3dba6e35 elementor-widget elementor-widget-text-editor\" data-id=\"3dba6e35\" data-element_type=\"widget\" data-widget_type=\"text-editor.default\">\n\t\t\t\t<div class=\"elementor-widget-container\">\n\t\t\t\t\t<div class=\"elementor-text-editor elementor-clearfix\"><h2 style=\"text-align: justify;\"><strong>NOVIAZGOS LIBRES DE VIOLENCIA<\/strong><\/h2><p style=\"text-align: justify;\">Alguna vez te has preguntado, \u00bfpor qu\u00e9 estableces relaciones particularmente \u201cextra\u00f1as\u201d donde te sientes perjudicada\/o, desplazada\/o o hay un sufrimiento persistente?<\/p><p style=\"text-align: justify;\">La violencia en el noviazgo ocurre en una relaci\u00f3n amorosa en la que uno de los miembros de la pareja abusa f\u00edsica, emocional o sexualmente para dominar y mantener el control sobre la otra persona.<\/p><p style=\"text-align: justify;\">\u00a1Qui\u00e9reme sin violencia!<\/p><p style=\"text-align: justify;\">Ll\u00e1manos al 687 871 0016<strong style=\"color: var( --e-global-color-text ); font-family: var( --e-global-typography-text-font-family );\">\u00a0<\/strong><\/p><h2 style=\"text-align: justify;\"><strong>TIPOS DE VIOLENCIA<\/strong><\/h2><p style=\"text-align: justify;\">F\u00cdSICA: Los malos tratos pueden ser f\u00edsicos: como dar bofetadas, pu\u00f1etazos, empujoncitos, patadas, pellizcos, tirones de cabello, etc.<\/p><p style=\"text-align: justify;\">PSICOL\u00d3GICA: Intimidar y humillar, amenazar, insultar, descalificar y despreciar, son formas de violencia psicol\u00f3gica que hacen mucho da\u00f1o y dejan trastornos emocionales; no s\u00f3lo mientras ocurren, sino tambi\u00e9n a largo plazo.<\/p><p style=\"text-align: justify;\">SEXUAL: la agresi\u00f3n sexual surge cuando se obliga a otra persona a participar en alg\u00fan tipo de experiencia sexual sin su consentimiento, a ver revistas o pel\u00edculas pornogr\u00e1ficas, a tener relaciones homosexuales, entre otras cosas.<\/p><p style=\"text-align: justify;\">ECON\u00d3MICA: Controlarle el dinero a su pareja, robar, vender o usar alg\u00fan objeto con valor sentimental para la v\u00edctima .<\/p><h2 style=\"text-align: justify;\"><strong>SIGNOS QUE VIVES ANTE UN NOVIAZGO CON VIOLENCIA<\/strong><\/h2><ol style=\"text-align: justify;\"><li>Controla lo que haces, te exige explicaciones por todo y no quiere que tengas \u201csecretos\u201d.<\/li><li>Ha registrado tus pertenencias, tu diario o tu correo electr\u00f3nico para conocer la \u201cverdad\u201d.<\/li><li>Te ha presionado para que cambies tu manera de vestir, de peinarte, de maquillarte, de hablar y de comportarte.<\/li><li>De manera permanente te vigila, critica, exagera tus defectos y te hace sentir que no vales nada.<\/li><li>Te ha amenazado con dejarte o suicidarse si no haces todo lo que desea.<\/li><li>Te compara con otras personas, dej\u00e1ndote incomoda\/o y\/o humillada\/o.<\/li><li>Te ha tocado, besado o acariciado sin tu consentimiento.<\/li><li>Te ha presionado o te presiona para tener relaciones sexuales.<\/li><li>Tiene conductas posesivas que te obligan al abandono de amigos y familiares.<\/li><li>La infidelidad justificada por cuestiones de hombr\u00eda.<\/li><li>Prohibici\u00f3n de estudiar o trabajar en lo que m\u00e1s te gusta.<strong>\u00a0<\/strong><\/li><\/ol><h2 style=\"text-align: justify;\"><strong>\u00bfQU\u00c9 DEBES HACER SI EST\u00c1S SIENDO V\u00cdCTIMA DE CUALQUIER TIPO DE MALTRATO?<\/strong><\/h2><ol style=\"text-align: justify;\"><li>Si no puedes querer a una persona sin sentir miedo, ha llegado el momento de poner fin a esta relaci\u00f3n cuanto antes: \u00a1corta por lo sano!<\/li><li>Primero prot\u00e9gete. Es importante que te sientas segura\/o. Un adulto en quien conf\u00edes te puede ayudar o acude a una instituci\u00f3n de ayuda.<\/li><li>Agredir a una persona es un delito. La agresi\u00f3n seguir\u00e1 a pesar de que te mantengas en la relaci\u00f3n.<\/li><li>Evita aislarte de tus amigos\/as y familiares, el hecho de pedir ayuda no es ning\u00fan signo de debilidad, las personas que te aprecien y que te quieren te ayudar\u00e1n a superarlo.<strong>\u00a0<\/strong><\/li><\/ol><h2 style=\"text-align: justify;\"><strong>CONSECUENCIAS DE LA VIOLENCIA EN EL NOVIAZGO<\/strong><\/h2><p style=\"text-align: justify;\">Trastornos alimenticios.<\/p><p style=\"text-align: justify;\">Baja Autoestima<\/p><p style=\"text-align: justify;\">Adicciones<\/p><p style=\"text-align: justify;\">Aislamiento<\/p><p style=\"text-align: justify;\">Embarazos no deseados<\/p><p style=\"text-align: justify;\">Fracaso escolar o bajo rendimiento laboral<\/p><p style=\"text-align: justify;\">Infecciones de transmisi\u00f3n sexual<\/p><p style=\"text-align: justify;\">Expresi\u00f3n extrema de suicidio<\/p><h2 style=\"text-align: justify;\"><strong>FALSAS IDEAS DEL AMOR Y LA VIOLENCIA<\/strong><\/h2><p style=\"text-align: justify;\">La violencia se asocia con el alcohol.<\/p><p style=\"text-align: justify;\">El amor es dar todo.<\/p><p style=\"text-align: justify;\">El amor es ciego.<\/p><p style=\"text-align: justify;\">Me pega porque me quiere.<\/p><p style=\"text-align: justify;\">La posesividad y los celos son expresiones de amor, cambiar\u00e1 por amor a m\u00ed.<\/p><p style=\"text-align: justify;\">La mujer que se queda en una relaci\u00f3n violenta es porque le gusta.<\/p><p style=\"text-align: justify;\">S\u00edguenos en FACEBOOK Y TWITTER<\/p><p style=\"text-align: justify;\"><strong>\u00a0<\/strong><\/p><\/div>\n\t\t\t\t<\/div>\n\t\t\t\t<\/div>\n\t\t\t\t\t\t<\/div>\n\t\t\t\t\t<\/div>\n\t\t<\/div>\n\t\t\t\t\t\t\t\t<\/div>\n\t\t\t\t\t<\/div>\n\t\t<\/section>\n\t\t\t\t\t\t<\/div>\n\t\t\t\t\t\t<\/div>\n\t\t\t\t\t<\/div>\n\t\t","protected":false},"excerpt":{"rendered":"<p>Previous Next NOVIAZGOS LIBRES DE VIOLENCIA Alguna vez te has preguntado, \u00bfpor qu\u00e9 estableces relaciones particularmente \u201cextra\u00f1as\u201d donde te sientes perjudicada\/o, desplazada\/o o hay un sufrimiento persistente? La violencia en el noviazgo ocurre en una relaci\u00f3n amorosa en la que uno de los miembros de la pareja abusa f\u00edsica, emocional o sexualmente para dominar y &#8230; <a title=\"MATERIAL DIDACTICO\" class=\"read-more\" href=\"https:\/\/guasave.gob.mx\/immujeres\/material-didactico\/\">Read more<\/a><\/p>\n","protected":false},"author":3,"featured_media":0,"parent":0,"menu_order":0,"comment_status":"closed","ping_status":"closed","template":"","meta":[],"_links":{"self":[{"href":"https:\/\/guasave.gob.mx\/immujeres\/wp-json\/wp\/v2\/pages\/82"}],"collection":[{"href":"https:\/\/guasave.gob.mx\/immujeres\/wp-json\/wp\/v2\/pages"}],"about":[{"href":"https:\/\/guasave.gob.mx\/immujeres\/wp-json\/wp\/v2\/types\/page"}],"author":[{"embeddable":true,"href":"https:\/\/guasave.gob.mx\/immujeres\/wp-json\/wp\/v2\/users\/3"}],"replies":[{"embeddable":true,"href":"https:\/\/guasave.gob.mx\/immujeres\/wp-json\/wp\/v2\/comments?post=82"}],"version-history":[{"count":5,"href":"https:\/\/guasave.gob.mx\/immujeres\/wp-json\/wp\/v2\/pages\/82\/revisions"}],"predecessor-version":[{"id":298,"href":"https:\/\/guasave.gob.mx\/immujeres\/wp-json\/wp\/v2\/pages\/82\/revisions\/298"}],"wp:attachment":[{"href":"https:\/\/guasave.gob.mx\/immujeres\/wp-json\/wp\/v2\/media?parent=82"}],"curies":[{"name":"wp","href":"https:\/\/api.w.org\/{rel}","templated":true}]}}