{"id":78,"date":"2021-02-22T15:00:11","date_gmt":"2021-02-22T15:00:11","guid":{"rendered":"https:\/\/guasave.gob.mx\/immujeres\/?page_id=78"},"modified":"2025-09-19T15:47:07","modified_gmt":"2025-09-19T15:47:07","slug":"mensaje-direcora","status":"publish","type":"page","link":"https:\/\/guasave.gob.mx\/immujeres\/mensaje-direcora\/","title":{"rendered":"MENSAJE DIRECTORA"},"content":{"rendered":"<p style=\"text-align: justify;\"><strong>Quiero dar una cordial bienvenida a todas, todos y cada uno de los que visitan nuestra Web, como tambi\u00e9n a quienes quieren conocernos y est\u00e1n interesados en saber nuestro quehacer institucional. Tenemos el gusto de compartir este nuevo periodo del Instituto Municipal de las Mujeres Guasave de la administraci\u00f3n de la Dra. Cecilia Ram\u00edrez Montoya, presidenta municipal de Guasave, llena de proyectos, que estoy segura nos motivar\u00e1n a obtener cada uno de los objetivos plasmados en el Plan Municipal de Desarrollo 2024-2027.<\/strong><\/p>\n<p style=\"text-align: justify;\"><strong>Como directora general del Instituto Municipal de las Mujeres Guasave, les informo que tenemos la misi\u00f3n de coordinar la pol\u00edtica de g\u00e9nero del Gobierno Municipal, donde desde el inicio de esta administraci\u00f3n nos hemos propuesto cumplir nuestro compromiso con las mujeres de crear las condiciones para favorecer la igualdad de oportunidades y erradicar todo tipo de discriminaci\u00f3n y violencia.<\/strong><\/p>\n<p style=\"text-align: justify;\"><strong>En esta tarea participan todas las dependencias municipales, as\u00ed como el gobierno estatal, en estrecha coordinaci\u00f3n con los poderes Legislativo y Judicial y el gobierno federal, con el objetivo com\u00fan de avanzar en la transversalizaci\u00f3n de la visi\u00f3n de g\u00e9nero en las pol\u00edticas p\u00fablicas.<\/strong><\/p>\n<p style=\"text-align: justify;\"><strong>Trabajar\u00e9 con un equipo plural, respetuoso, sincero y comprometido para lograr una pol\u00edtica de igualdad. As\u00ed mismo, desde esta instituci\u00f3n transformadora cumplir\u00e9 con todas las encomiendas que nos fue conferida por la presidenta municipal Cecilia Ram\u00edrez Montoya, para conservar las mejores decisiones para la protecci\u00f3n del derecho a las mujeres a una vida sin violencia.<\/strong><\/p>\n<p style=\"text-align: justify;\"><strong>Es de especial inter\u00e9s de la actual administraci\u00f3n alcanzar una comunicaci\u00f3n fluida con la ciudadan\u00eda y las organizaciones de mujeres, empresariales y sociales, por lo que les invitamos a utilizar este sitio creado para ustedes, donde podr\u00e1n encontrar informaci\u00f3n relativa a los programas institucionales, materiales y herramientas para fortalecer la cultura de g\u00e9nero, estad\u00edsticas y dem\u00e1s informaci\u00f3n de inter\u00e9s.<\/strong><\/p>\n<p style=\"text-align: justify;\"><strong>Durante mi trayectoria laboral he tenido la oportunidad de conocer la profunda desigualdad en que se encuentran las mujeres sin importar su condici\u00f3n geogr\u00e1fica y socioecon\u00f3mica, por lo que, desde este conocimiento, impulsar\u00e9 pol\u00edticas p\u00fablicas con perspectiva de g\u00e9nero y diferentes acciones en los \u00e1mbitos municipal y estatal, de la mano de la sociedad, con quienes formularemos proyectos de participaci\u00f3n y desarrollo en beneficio de todas y todos los guasavenses.<\/strong><\/p>\n<p style=\"text-align: justify;\"><strong>En este espacio la ciudadan\u00eda puede dar seguimiento a las acciones del Plan Municipal de las Mujeres, podr\u00e1n conocer entre otras cosas, qu\u00e9 es el IMMUJERES Guasave, cu\u00e1les son sus funciones, alcances y quienes lo integran; as\u00ed como tambi\u00e9n cual es nuestra misi\u00f3n y visi\u00f3n; a los miembros que integran el Consejo Directivo 2024-2027; y muy importante para la sociedad, podr\u00e1n consultar los estados financieros y transparencia con la que se labora en el Instituto.<\/strong><\/p>\n","protected":false},"excerpt":{"rendered":"<p>Quiero dar una cordial bienvenida a todas, todos y cada uno de los que visitan nuestra Web, como tambi\u00e9n a quienes quieren conocernos y est\u00e1n interesados en saber nuestro quehacer institucional. Tenemos el gusto de compartir este nuevo periodo del Instituto Municipal de las Mujeres Guasave de la administraci\u00f3n de la Dra. Cecilia Ram\u00edrez Montoya, &#8230; <a title=\"MENSAJE DIRECTORA\" class=\"read-more\" href=\"https:\/\/guasave.gob.mx\/immujeres\/mensaje-direcora\/\">Read more<\/a><\/p>\n","protected":false},"author":3,"featured_media":0,"parent":0,"menu_order":0,"comment_status":"closed","ping_status":"closed","template":"","meta":[],"_links":{"self":[{"href":"https:\/\/guasave.gob.mx\/immujeres\/wp-json\/wp\/v2\/pages\/78"}],"collection":[{"href":"https:\/\/guasave.gob.mx\/immujeres\/wp-json\/wp\/v2\/pages"}],"about":[{"href":"https:\/\/guasave.gob.mx\/immujeres\/wp-json\/wp\/v2\/types\/page"}],"author":[{"embeddable":true,"href":"https:\/\/guasave.gob.mx\/immujeres\/wp-json\/wp\/v2\/users\/3"}],"replies":[{"embeddable":true,"href":"https:\/\/guasave.gob.mx\/immujeres\/wp-json\/wp\/v2\/comments?post=78"}],"version-history":[{"count":15,"href":"https:\/\/guasave.gob.mx\/immujeres\/wp-json\/wp\/v2\/pages\/78\/revisions"}],"predecessor-version":[{"id":395,"href":"https:\/\/guasave.gob.mx\/immujeres\/wp-json\/wp\/v2\/pages\/78\/revisions\/395"}],"wp:attachment":[{"href":"https:\/\/guasave.gob.mx\/immujeres\/wp-json\/wp\/v2\/media?parent=78"}],"curies":[{"name":"wp","href":"https:\/\/api.w.org\/{rel}","templated":true}]}}