{"id":319,"date":"2022-08-22T15:41:52","date_gmt":"2022-08-22T15:41:52","guid":{"rendered":"https:\/\/guasave.gob.mx\/immujeres\/?page_id=319"},"modified":"2024-11-08T16:51:15","modified_gmt":"2024-11-08T16:51:15","slug":"consejo-directivo","status":"publish","type":"page","link":"https:\/\/guasave.gob.mx\/immujeres\/consejo-directivo\/","title":{"rendered":"Consejo Directivo"},"content":{"rendered":"<h1 style=\"text-align: center;\">CONSEJO DIRECTIVO<\/h1>\n<h2><span style=\"font-family: arial, helvetica, sans-serif;\">Trinidad Armenta Ordu\u00f1o<\/span><\/h2>\n<div>\n<h2><span style=\"font-family: arial, helvetica, sans-serif;\">Mar\u00eda Valentina Gonz\u00e1lez Acosta<\/span><\/h2>\n<h2><span style=\"font-family: arial, helvetica, sans-serif;\">Silvia Esthela L\u00f3pez Camacho\u00a0<\/span><\/h2>\n<h2><span style=\"font-family: arial, helvetica, sans-serif;\">Isis del Cielo Camacho Guerrero<\/span><\/h2>\n<\/div>\n","protected":false},"excerpt":{"rendered":"<p>CONSEJO DIRECTIVO Trinidad Armenta Ordu\u00f1o Mar\u00eda Valentina Gonz\u00e1lez Acosta Silvia Esthela L\u00f3pez Camacho\u00a0 Isis del Cielo Camacho Guerrero<\/p>\n","protected":false},"author":3,"featured_media":0,"parent":0,"menu_order":0,"comment_status":"closed","ping_status":"closed","template":"","meta":[],"_links":{"self":[{"href":"https:\/\/guasave.gob.mx\/immujeres\/wp-json\/wp\/v2\/pages\/319"}],"collection":[{"href":"https:\/\/guasave.gob.mx\/immujeres\/wp-json\/wp\/v2\/pages"}],"about":[{"href":"https:\/\/guasave.gob.mx\/immujeres\/wp-json\/wp\/v2\/types\/page"}],"author":[{"embeddable":true,"href":"https:\/\/guasave.gob.mx\/immujeres\/wp-json\/wp\/v2\/users\/3"}],"replies":[{"embeddable":true,"href":"https:\/\/guasave.gob.mx\/immujeres\/wp-json\/wp\/v2\/comments?post=319"}],"version-history":[{"count":2,"href":"https:\/\/guasave.gob.mx\/immujeres\/wp-json\/wp\/v2\/pages\/319\/revisions"}],"predecessor-version":[{"id":379,"href":"https:\/\/guasave.gob.mx\/immujeres\/wp-json\/wp\/v2\/pages\/319\/revisions\/379"}],"wp:attachment":[{"href":"https:\/\/guasave.gob.mx\/immujeres\/wp-json\/wp\/v2\/media?parent=319"}],"curies":[{"name":"wp","href":"https:\/\/api.w.org\/{rel}","templated":true}]}}