{"id":301,"date":"2022-08-22T15:13:42","date_gmt":"2022-08-22T15:13:42","guid":{"rendered":"https:\/\/guasave.gob.mx\/immujeres\/?page_id=301"},"modified":"2022-08-22T15:44:21","modified_gmt":"2022-08-22T15:44:21","slug":"objetivos-de-los-departamentos","status":"publish","type":"page","link":"https:\/\/guasave.gob.mx\/immujeres\/objetivos-de-los-departamentos\/","title":{"rendered":"Objetivos de los departamentos"},"content":{"rendered":"<h2 style=\"text-align: center;\"><strong>INSTITUTO MUNICIPAL DE LAS MUJERES GUASAVE CON SUS DEPARTAMENTOS Y OBJETIVOS<\/strong><\/h2>\n<p style=\"text-align: justify;\"><strong>CONSEJO DIRECTIVO<\/strong><\/p>\n<p style=\"text-align: justify;\"><strong>OBJETIVO PARTICULAR:<\/strong><\/p>\n<p style=\"text-align: justify;\">I.- Aprobar, adicionar o modificar en su caso, el contenido del programa municipal de las mujeres, evaluar el cumplimiento del mismo y darle el seguimiento correspondiente; dicho programa deber\u00e1 revisarse y evaluarse al menos anualmente. As\u00ed mismo deber\u00e1 aprobar los programas trienal y anual de trabajo, pudi\u00e9ndolo adicionar o modificar en cualquier tiempo.<\/p>\n<p style=\"text-align: justify;\">II.- Revisar, autorizar y evaluar en congruencia con el Plan Municipal de Desarrollo del Municipio y el presente decreto, las pol\u00edticas generales y los programas y acciones prioritarias que en beneficio de las mujeres deber\u00e1 realizar el Instituto, as\u00ed como darles el seguimiento correspondiente.<\/p>\n<p style=\"text-align: justify;\">III.- Fungir como \u00f3rgano de asesor\u00eda y consulta del gobierno municipal y de la direcci\u00f3n general.<\/p>\n<p style=\"text-align: justify;\">IV.- Revisar, y en su caso aprobar del informe del estado de ingresos y egresos que con periodicidad trimestral y anual le presente la direcci\u00f3n general.<\/p>\n<p style=\"text-align: justify;\">V.- Solicitar la modificaci\u00f3n en su caso, del organigrama general del Instituto, atendiendo los principios de econom\u00eda, profesionalismo, eficiencia, eficacia, calidad y productivad.<\/p>\n<p style=\"text-align: justify;\">VI.- Establecer lineamientos generales para el mejor funcionamiento del Instituto.<\/p>\n<p style=\"text-align: justify;\">VII.- Establecer indicadores para medir el impacto social de los programas y acciones que realice el Instituto.<\/p>\n<p style=\"text-align: justify;\">VIII.- Revisar y en su caso aprobar, el informe trimestral y anual de actividades que rinda la directora general.<\/p>\n<p style=\"text-align: justify;\">IX.- Aprobar y modificar en su caso, el manual de organizaci\u00f3n en el cual se deber\u00e1n contener la denominaci\u00f3n, objetivo y funciones espec\u00edfico de las distintas \u00e1reas administrativas del Instituto, a propuesta de la directora general.<\/p>\n<p style=\"text-align: justify;\">X.- Aprobar y modificar en su caso, los manuales de procedimiento y de servicio al p\u00fablico del Instituto, a propuesta de la directora general.<\/p>\n<p style=\"text-align: justify;\">XI.- Promover el mejoramiento t\u00e9cnico, administrativo y patrimonial del Instituto para el pleno cumplimiento de sus objetivos y acordar programas o acciones que deber\u00e1 realizar la directora general.<\/p>\n<p style=\"text-align: justify;\"><strong>DIRECTORA GENERAL<\/strong><\/p>\n<p style=\"text-align: justify;\"><strong>OBJETIVO PARTICULAR:<\/strong><\/p>\n<p style=\"text-align: justify;\">La directora general tiene a su cargo la representaci\u00f3n y la direcci\u00f3n administrativa del Instituto y ser\u00e1 responsable de la ejecuci\u00f3n de los acuerdos y resoluciones del consejo directivo. La direcci\u00f3n general, en el ejercicio de sus atribuciones y responsabilidades se auxiliar\u00e1 de las \u00e1reas administrativas que se creen por el consejo directivo para el mejor cumplimiento de sus objetivos.<\/p>\n<p style=\"text-align: justify;\">I.- Ejecutar los acuerdos del consejo directivo y fungir como secretaria t\u00e9cnica de dicho \u00f3rgano.<\/p>\n<p style=\"text-align: justify;\">II.- Proponer al consejo directivo; programas y acciones que deber\u00e1 desarrollar el Instituto, as\u00ed como ejecutarlos.<\/p>\n<p style=\"text-align: justify;\">III.- Administrar y dirigir las actividades del Instituto, as\u00ed como ejercer el prepuesto del mismo con sujeci\u00f3n a las disposiciones legales, reglamentarias y administrativas aplicables.<\/p>\n<p style=\"text-align: justify;\">IV.- Proponer al Consejo Directivo programas de financiamiento del Instituto.<\/p>\n<p style=\"text-align: justify;\">V.- Representar legalmente al Instituto con el car\u00e1cter de mandataria general para pleitos, cobranzas y actos de administraci\u00f3n, con todas las facultades generales y las que requieran clausula especial en los t\u00e9rminos del art\u00edculo 2436 del c\u00f3digo civil para el estado de Sinaloa.<\/p>\n<p style=\"text-align: justify;\">VI.- Celebrar, en representaci\u00f3n del Instituto, los convenios y contratos con personas f\u00edsicas o morales, sean p\u00fablicas o privadas, as\u00ed como suscribir documentos que manifiesten el parecer del Instituto siempre que sean inherentes al cumplimiento de los objetivos del mismo.<\/p>\n<p style=\"text-align: justify;\">VII.- Elaborar el proyecto de programa municipal de las mujeres y de los programas de trabajo trienal y anual del Instituto y someterlos a la aprobaci\u00f3n del consejo directivo.<\/p>\n<p style=\"text-align: justify;\">VIII.- Establecer los sistemas de operaci\u00f3n y control necesario para alcanzar las metas y objetivos en la implementaci\u00f3n de los programas espec\u00edficos.<\/p>\n<p style=\"text-align: justify;\">IX.- Implementar los instrumentos de evaluaci\u00f3n y seguimiento para conocer y medir la cobertura e impacto social de las acciones y programas que se lleven a cabo por el Instituto.<\/p>\n<p style=\"text-align: justify;\">X.- Recabar la informaci\u00f3n y elementos estad\u00edsticos sobre la cobertura e impacto social de las acciones y programas del Instituto.<\/p>\n<p style=\"text-align: justify;\">XI.- Implementar y mantener actualizado el sistema de informaci\u00f3n documental y electr\u00f3nica, as\u00ed como el banco de datos estad\u00edsticos al que se refiere la fracci\u00f3n XXXIV del art\u00edculo 9 del presente decreto.<\/p>\n<p style=\"text-align: justify;\">XII.- Expedir acuerdos, circulares y disposiciones administrativas, que regulen el funcionamiento de las \u00e1reas administrativas del Instituto.<\/p>\n<p style=\"text-align: justify;\">XIII.- Elaborar y presentar ante el consejo directivo para su consideraci\u00f3n y aprobaci\u00f3n en su caso el ante proyecto del reglamento interior del Instituto, as\u00ed como los manuales respectivos.<\/p>\n<p style=\"text-align: justify;\">XIV.- Las dem\u00e1s que le confiera el reglamento interno del Instituto Municipal de las Mujeres Guasave y el consejo directivo para alcanzar los objetivos del Instituto.<\/p>\n<p style=\"text-align: justify;\"><strong>\u00a0<\/strong><\/p>\n<p style=\"text-align: justify;\"><strong>DEPARTAMENTO DE ADMINISTRACI\u00d3N Y CONTABILIDAD<\/strong><\/p>\n<p style=\"text-align: justify;\"><strong>OBJETIVO PARTICULAR:<\/strong><\/p>\n<p style=\"text-align: justify;\">Administrar y aplicar los recursos p\u00fablicos del Instituto Municipal de las Mujeres Guasave, as\u00ed como el de informar ante los \u00f3rganos superiores de su aplicaci\u00f3n de manera transparente de acuerdo como lo establecen las leyes. De igual manera, se encarga del abastecimiento de insumos que se requieren en esta paramunicipal.<\/p>\n<p style=\"text-align: justify;\"><strong>\u00a0<\/strong><\/p>\n<p style=\"text-align: justify;\"><strong>DEPARTAMENTO DE ATENCI\u00d3N PSICOL\u00d3GICA<\/strong><\/p>\n<p style=\"text-align: justify;\"><strong>OBJETIVO PARTICULAR:<\/strong><\/p>\n<p style=\"text-align: justify;\">Brindar un servicio de asesor\u00eda psicol\u00f3gica integral completamente gratuito. Apoyar en el proceso emocional y ayudar a salir avante creando una nueva visi\u00f3n y perspectiva de vida a la persona.<\/p>\n<p style=\"text-align: justify;\"><strong>\u00a0<\/strong><\/p>\n<p style=\"text-align: justify;\"><strong>DEPARTAMENTO DE ATENCI\u00d3N JUR\u00cdDICA <\/strong><\/p>\n<p style=\"text-align: justify;\"><strong>OBJETIVO PARTICULAR:<\/strong><\/p>\n<p style=\"text-align: justify;\">Atender, orientar y brindar asesor\u00eda jur\u00eddica gratuita a toda persona que lo requiera e impulsar a cada una de las mujeres a que conozcan cu\u00e1les son sus derechos, as\u00ed como tambi\u00e9n darles acompa\u00f1amiento en todos aquellos asuntos legales, ante los \u00f3rganos jurisdiccionales.<\/p>\n<p style=\"text-align: justify;\"><strong>DEPARTAMENTO DE CAPACITACI\u00d3N Y COMUNICACI\u00d3N \u00a0<\/strong><\/p>\n<p style=\"text-align: justify;\"><strong>OBJETIVO PARTICULAR:<\/strong><\/p>\n<p style=\"text-align: justify;\">Concientizar, informar, capacitar y orientar a todas las personas para que conozcan sobre sus derechos bajo una cultura de equidad y g\u00e9nero; a su vez contribuir con la disminuci\u00f3n de la violencia en cualquiera de sus modalidades, canalizando a las diferentes \u00e1reas que atiende el IMMujeres. As\u00ed mismo, darle seguimiento a todos los programas que ha creado el Instituto Municipal de las Mujeres Guasave para lograr su cumplimiento a corto, mediano y largo plazo para llegar a ser un Municipio Libre de Violencia.<\/p>\n<p style=\"text-align: justify;\">\n","protected":false},"excerpt":{"rendered":"<p>INSTITUTO MUNICIPAL DE LAS MUJERES GUASAVE CON SUS DEPARTAMENTOS Y OBJETIVOS CONSEJO DIRECTIVO OBJETIVO PARTICULAR: I.- Aprobar, adicionar o modificar en su caso, el contenido del programa municipal de las mujeres, evaluar el cumplimiento del mismo y darle el seguimiento correspondiente; dicho programa deber\u00e1 revisarse y evaluarse al menos anualmente. As\u00ed mismo deber\u00e1 aprobar los &#8230; <a title=\"Objetivos de los departamentos\" class=\"read-more\" href=\"https:\/\/guasave.gob.mx\/immujeres\/objetivos-de-los-departamentos\/\">Read more<\/a><\/p>\n","protected":false},"author":3,"featured_media":0,"parent":0,"menu_order":0,"comment_status":"closed","ping_status":"closed","template":"","meta":[],"_links":{"self":[{"href":"https:\/\/guasave.gob.mx\/immujeres\/wp-json\/wp\/v2\/pages\/301"}],"collection":[{"href":"https:\/\/guasave.gob.mx\/immujeres\/wp-json\/wp\/v2\/pages"}],"about":[{"href":"https:\/\/guasave.gob.mx\/immujeres\/wp-json\/wp\/v2\/types\/page"}],"author":[{"embeddable":true,"href":"https:\/\/guasave.gob.mx\/immujeres\/wp-json\/wp\/v2\/users\/3"}],"replies":[{"embeddable":true,"href":"https:\/\/guasave.gob.mx\/immujeres\/wp-json\/wp\/v2\/comments?post=301"}],"version-history":[{"count":4,"href":"https:\/\/guasave.gob.mx\/immujeres\/wp-json\/wp\/v2\/pages\/301\/revisions"}],"predecessor-version":[{"id":306,"href":"https:\/\/guasave.gob.mx\/immujeres\/wp-json\/wp\/v2\/pages\/301\/revisions\/306"}],"wp:attachment":[{"href":"https:\/\/guasave.gob.mx\/immujeres\/wp-json\/wp\/v2\/media?parent=301"}],"curies":[{"name":"wp","href":"https:\/\/api.w.org\/{rel}","templated":true}]}}